{"id":10718,"date":"2024-01-12T19:39:43","date_gmt":"2024-01-12T18:39:43","guid":{"rendered":"https:\/\/cattedrale.palermo.it\/santarosalia\/?page_id=10718"},"modified":"2024-03-23T18:33:28","modified_gmt":"2024-03-23T17:33:28","slug":"festa-del-patrocinio-di-santa-rosalia","status":"publish","type":"page","link":"https:\/\/cattedrale.palermo.it\/santarosalia\/festa-del-patrocinio-di-santa-rosalia\/","title":{"rendered":"Festa del Patrocinio di Santa Rosalia"},"content":{"rendered":"<div id=\"pl-10718\"  class=\"panel-layout\" ><div id=\"pg-10718-0\"  class=\"panel-grid panel-no-style\" ><div id=\"pgc-10718-0-0\"  class=\"panel-grid-cell\" ><div id=\"panel-10718-0-0-0\" class=\"so-panel widget widget_sow-editor panel-first-child panel-last-child\" data-index=\"0\" ><div class=\"panel-widget-style panel-widget-style-for-10718-0-0-0\" ><div\n\t\t\t\n\t\t\tclass=\"so-widget-sow-editor so-widget-sow-editor-base\"\n\t\t\t\n\t\t>\n<div class=\"siteorigin-widget-tinymce textwidget\">\n\t<p style=\"text-align: center;\"><img loading=\"lazy\" decoding=\"async\" class=\"aligncenter wp-image-10736 size-full\" src=\"https:\/\/cattedrale.palermo.it\/santarosalia\/wp-content\/uploads\/2024\/01\/patrocinio-di-santa-rosalia-1.jpg\" alt=\"\" width=\"1200\" height=\"400\" srcset=\"https:\/\/cattedrale.palermo.it\/santarosalia\/wp-content\/uploads\/2024\/01\/patrocinio-di-santa-rosalia-1.jpg 1200w, https:\/\/cattedrale.palermo.it\/santarosalia\/wp-content\/uploads\/2024\/01\/patrocinio-di-santa-rosalia-1-300x100.jpg 300w, https:\/\/cattedrale.palermo.it\/santarosalia\/wp-content\/uploads\/2024\/01\/patrocinio-di-santa-rosalia-1-1024x341.jpg 1024w, https:\/\/cattedrale.palermo.it\/santarosalia\/wp-content\/uploads\/2024\/01\/patrocinio-di-santa-rosalia-1-768x256.jpg 768w\" sizes=\"auto, (max-width: 1200px) 100vw, 1200px\" \/><\/p>\n<\/div>\n<\/div><\/div><\/div><\/div><\/div><div id=\"pg-10718-1\"  class=\"panel-grid panel-has-style\" ><div class=\"panel-row-style panel-row-style-for-10718-1\" ><div id=\"pgc-10718-1-0\"  class=\"panel-grid-cell\" ><div id=\"panel-10718-1-0-0\" class=\"so-panel widget widget_sow-editor panel-first-child panel-last-child\" data-index=\"1\" ><div class=\"panel-widget-style panel-widget-style-for-10718-1-0-0\" ><div\n\t\t\t\n\t\t\tclass=\"so-widget-sow-editor so-widget-sow-editor-base\"\n\t\t\t\n\t\t>\n<div class=\"siteorigin-widget-tinymce textwidget\">\n\t<p>L'11 gennaio del 1693 un violento e catastrofico terremoto scosse la Sicilia Orientale con il tragico bilancio di 60.00 morti di cui 18 mila a Catania e 60 Comuni distrutti. A Palermo la terribile scossa non ebbe conseguenze per uomini e cose tranne qualche crollo di edificio gi\u00e0 pericolante e grande spavento come testimoniano nei loro diari il canonico Antonino Mongitore ed il gesuita Stanislao Alberti.<\/p>\n<p>Lo scampato pericolo convinse i palermitani di un intervento miracoloso della propria Santa Patrona S. Rosalia che devotamente ringraziarono la stessa sera con il canto del Vespro cui parteciparono il Vicer\u00e8 duca D'Ossuna, il Senato e tutti i maggiorenti della citt\u00e0, cui segu\u00ec il pellegrinaggio sul Monte Pellegrino, guidato da Viicer\u00e8 , e la celebrazione, presieduta dall'Arcivescovo Ferdinando De Bazan, davanti alle reliquie della Santuzza custodite nella cappella reale in Cattedrale, di un solenne pontificale<\/p>\n<p>L'11 febbraio dello stesso anno, per fare memoria dell'evento e ringraziare la Santa Patrona, Il senato Palermitano istitu\u00ec la festa del PATROCINIO DI SANTA ROSALIA da celebrare in due giorni in modo solenne da concludere con il condurre in processione le reliquie di S. Rosalia per le vie della citt\u00e0 nell'ora esatta del terremoto, al canto del Te Deum. Un nuovo breve Festino,<\/p>\n<p>La processione si snodava per tutto il Cassaro Alto per fermarsi davanti al Palazzo di Citt\u00e0, accolta dallo sparo di mortaretti, per fare quindi ritorno in Cattedrale. Un rito devozionale ripetuto fino al 1866, dopo di che \u00e8 caduto nel dimenticatoio per esser ripreso da qualche anno con una solenne celebrazione, l'11 gennaio, nella Cappella di S. Rosalia in Cattedrale.<\/p>\n<p><a href=\"https:\/\/www.facebook.com\/photo.php?fbid=769184618588113&amp;set=a.556918069814770&amp;type=3&amp;ref=embed_post\" target=\"_blank\" rel=\"noopener\">Dalla pagina FB santarosaliadipalermo &gt;&gt;<\/a><\/p>\n<\/div>\n<\/div><\/div><\/div><\/div><\/div><\/div><div id=\"pg-10718-2\"  class=\"panel-grid panel-has-style\" ><div class=\"panel-row-style panel-row-style-for-10718-2\" ><div id=\"pgc-10718-2-0\"  class=\"panel-grid-cell\" ><div id=\"panel-10718-2-0-0\" class=\"so-panel widget widget_sow-editor panel-first-child panel-last-child\" data-index=\"2\" ><div class=\"panel-widget-style panel-widget-style-for-10718-2-0-0\" ><div\n\t\t\t\n\t\t\tclass=\"so-widget-sow-editor so-widget-sow-editor-base\"\n\t\t\t\n\t\t>\n<div class=\"siteorigin-widget-tinymce textwidget\">\n\t<p>la foto galleria della celebrazione in Cattedrale del Patrocinio\u00a0 di Santa Rosalia l'11 gennaio 2024<\/p>\n\n\t\t<style type=\"text\/css\">\n\t\t\t#gallery-1 {\n\t\t\t\tmargin: auto;\n\t\t\t}\n\t\t\t#gallery-1 .gallery-item {\n\t\t\t\tfloat: left;\n\t\t\t\tmargin-top: 10px;\n\t\t\t\ttext-align: center;\n\t\t\t\twidth: 33%;\n\t\t\t}\n\t\t\t#gallery-1 img {\n\t\t\t\tborder: 2px solid #cfcfcf;\n\t\t\t}\n\t\t\t#gallery-1 .gallery-caption {\n\t\t\t\tmargin-left: 0;\n\t\t\t}\n\t\t\t\/* see gallery_shortcode() in wp-includes\/media.php *\/\n\t\t<\/style>\n\t\t<div id='gallery-1' class='gallery galleryid-10718 gallery-columns-3 gallery-size-full'><dl class='gallery-item'>\n\t\t\t<dt class='gallery-icon landscape'>\n\t\t\t\t<a href='https:\/\/cattedrale.palermo.it\/santarosalia\/wp-content\/uploads\/2024\/01\/05-2024-01-11-parocinio-di-s-rosalia-DSC00432.jpg' title=\"\" data-rl_title=\"\" class=\"rl-gallery-link\" data-rl_caption=\"\" data-rel=\"lightbox-gallery-1\"><img loading=\"lazy\" decoding=\"async\" width=\"1920\" height=\"1280\" src=\"https:\/\/cattedrale.palermo.it\/santarosalia\/wp-content\/uploads\/2024\/01\/05-2024-01-11-parocinio-di-s-rosalia-DSC00432.jpg\" class=\"attachment-full size-full\" alt=\"\" srcset=\"https:\/\/cattedrale.palermo.it\/santarosalia\/wp-content\/uploads\/2024\/01\/05-2024-01-11-parocinio-di-s-rosalia-DSC00432.jpg 1920w, https:\/\/cattedrale.palermo.it\/santarosalia\/wp-content\/uploads\/2024\/01\/05-2024-01-11-parocinio-di-s-rosalia-DSC00432-300x200.jpg 300w, https:\/\/cattedrale.palermo.it\/santarosalia\/wp-content\/uploads\/2024\/01\/05-2024-01-11-parocinio-di-s-rosalia-DSC00432-1024x683.jpg 1024w, https:\/\/cattedrale.palermo.it\/santarosalia\/wp-content\/uploads\/2024\/01\/05-2024-01-11-parocinio-di-s-rosalia-DSC00432-768x512.jpg 768w, https:\/\/cattedrale.palermo.it\/santarosalia\/wp-content\/uploads\/2024\/01\/05-2024-01-11-parocinio-di-s-rosalia-DSC00432-1536x1024.jpg 1536w, https:\/\/cattedrale.palermo.it\/santarosalia\/wp-content\/uploads\/2024\/01\/05-2024-01-11-parocinio-di-s-rosalia-DSC00432-272x182.jpg 272w\" sizes=\"auto, (max-width: 1920px) 100vw, 1920px\" \/><\/a>\n\t\t\t<\/dt><\/dl><dl class='gallery-item'>\n\t\t\t<dt class='gallery-icon landscape'>\n\t\t\t\t<a href='https:\/\/cattedrale.palermo.it\/santarosalia\/wp-content\/uploads\/2024\/01\/13-2024-01-11-parocinio-di-s-rosalia-DSC00460.jpg' title=\"\" data-rl_title=\"\" class=\"rl-gallery-link\" data-rl_caption=\"\" data-rel=\"lightbox-gallery-1\"><img loading=\"lazy\" decoding=\"async\" width=\"1920\" height=\"1280\" src=\"https:\/\/cattedrale.palermo.it\/santarosalia\/wp-content\/uploads\/2024\/01\/13-2024-01-11-parocinio-di-s-rosalia-DSC00460.jpg\" class=\"attachment-full size-full\" alt=\"\" srcset=\"https:\/\/cattedrale.palermo.it\/santarosalia\/wp-content\/uploads\/2024\/01\/13-2024-01-11-parocinio-di-s-rosalia-DSC00460.jpg 1920w, https:\/\/cattedrale.palermo.it\/santarosalia\/wp-content\/uploads\/2024\/01\/13-2024-01-11-parocinio-di-s-rosalia-DSC00460-300x200.jpg 300w, https:\/\/cattedrale.palermo.it\/santarosalia\/wp-content\/uploads\/2024\/01\/13-2024-01-11-parocinio-di-s-rosalia-DSC00460-1024x683.jpg 1024w, https:\/\/cattedrale.palermo.it\/santarosalia\/wp-content\/uploads\/2024\/01\/13-2024-01-11-parocinio-di-s-rosalia-DSC00460-768x512.jpg 768w, https:\/\/cattedrale.palermo.it\/santarosalia\/wp-content\/uploads\/2024\/01\/13-2024-01-11-parocinio-di-s-rosalia-DSC00460-1536x1024.jpg 1536w, https:\/\/cattedrale.palermo.it\/santarosalia\/wp-content\/uploads\/2024\/01\/13-2024-01-11-parocinio-di-s-rosalia-DSC00460-272x182.jpg 272w\" sizes=\"auto, (max-width: 1920px) 100vw, 1920px\" \/><\/a>\n\t\t\t<\/dt><\/dl><dl class='gallery-item'>\n\t\t\t<dt class='gallery-icon landscape'>\n\t\t\t\t<a href='https:\/\/cattedrale.palermo.it\/santarosalia\/wp-content\/uploads\/2024\/01\/14-2024-01-11-parocinio-di-s-rosalia-185146.jpg' title=\"\" data-rl_title=\"\" class=\"rl-gallery-link\" data-rl_caption=\"\" data-rel=\"lightbox-gallery-1\"><img loading=\"lazy\" decoding=\"async\" width=\"1920\" height=\"1280\" src=\"https:\/\/cattedrale.palermo.it\/santarosalia\/wp-content\/uploads\/2024\/01\/14-2024-01-11-parocinio-di-s-rosalia-185146.jpg\" class=\"attachment-full size-full\" alt=\"\" srcset=\"https:\/\/cattedrale.palermo.it\/santarosalia\/wp-content\/uploads\/2024\/01\/14-2024-01-11-parocinio-di-s-rosalia-185146.jpg 1920w, https:\/\/cattedrale.palermo.it\/santarosalia\/wp-content\/uploads\/2024\/01\/14-2024-01-11-parocinio-di-s-rosalia-185146-300x200.jpg 300w, https:\/\/cattedrale.palermo.it\/santarosalia\/wp-content\/uploads\/2024\/01\/14-2024-01-11-parocinio-di-s-rosalia-185146-1024x683.jpg 1024w, https:\/\/cattedrale.palermo.it\/santarosalia\/wp-content\/uploads\/2024\/01\/14-2024-01-11-parocinio-di-s-rosalia-185146-768x512.jpg 768w, https:\/\/cattedrale.palermo.it\/santarosalia\/wp-content\/uploads\/2024\/01\/14-2024-01-11-parocinio-di-s-rosalia-185146-1536x1024.jpg 1536w, https:\/\/cattedrale.palermo.it\/santarosalia\/wp-content\/uploads\/2024\/01\/14-2024-01-11-parocinio-di-s-rosalia-185146-272x182.jpg 272w\" sizes=\"auto, (max-width: 1920px) 100vw, 1920px\" \/><\/a>\n\t\t\t<\/dt><\/dl><br style=\"clear: both\" \/><dl class='gallery-item'>\n\t\t\t<dt class='gallery-icon landscape'>\n\t\t\t\t<a href='https:\/\/cattedrale.palermo.it\/santarosalia\/wp-content\/uploads\/2024\/01\/15-2024-01-11-parocinio-di-s-rosalia-185137.jpg' title=\"\" data-rl_title=\"\" class=\"rl-gallery-link\" data-rl_caption=\"\" data-rel=\"lightbox-gallery-1\"><img loading=\"lazy\" decoding=\"async\" width=\"1920\" height=\"1280\" src=\"https:\/\/cattedrale.palermo.it\/santarosalia\/wp-content\/uploads\/2024\/01\/15-2024-01-11-parocinio-di-s-rosalia-185137.jpg\" class=\"attachment-full size-full\" alt=\"\" srcset=\"https:\/\/cattedrale.palermo.it\/santarosalia\/wp-content\/uploads\/2024\/01\/15-2024-01-11-parocinio-di-s-rosalia-185137.jpg 1920w, https:\/\/cattedrale.palermo.it\/santarosalia\/wp-content\/uploads\/2024\/01\/15-2024-01-11-parocinio-di-s-rosalia-185137-300x200.jpg 300w, https:\/\/cattedrale.palermo.it\/santarosalia\/wp-content\/uploads\/2024\/01\/15-2024-01-11-parocinio-di-s-rosalia-185137-1024x683.jpg 1024w, https:\/\/cattedrale.palermo.it\/santarosalia\/wp-content\/uploads\/2024\/01\/15-2024-01-11-parocinio-di-s-rosalia-185137-768x512.jpg 768w, https:\/\/cattedrale.palermo.it\/santarosalia\/wp-content\/uploads\/2024\/01\/15-2024-01-11-parocinio-di-s-rosalia-185137-1536x1024.jpg 1536w, https:\/\/cattedrale.palermo.it\/santarosalia\/wp-content\/uploads\/2024\/01\/15-2024-01-11-parocinio-di-s-rosalia-185137-272x182.jpg 272w\" sizes=\"auto, (max-width: 1920px) 100vw, 1920px\" \/><\/a>\n\t\t\t<\/dt><\/dl>\n\t\t\t<br style='clear: both' \/>\n\t\t<\/div>\n\n<\/div>\n<\/div><\/div><\/div><\/div><\/div><\/div><div id=\"pg-10718-3\"  class=\"panel-grid panel-has-style\" ><div class=\"panel-row-style panel-row-style-for-10718-3\" ><div id=\"pgc-10718-3-0\"  class=\"panel-grid-cell\" ><div id=\"panel-10718-3-0-0\" class=\"so-panel widget widget_sow-editor panel-first-child panel-last-child\" data-index=\"3\" ><div\n\t\t\t\n\t\t\tclass=\"so-widget-sow-editor so-widget-sow-editor-base\"\n\t\t\t\n\t\t>\n<div class=\"siteorigin-widget-tinymce textwidget\">\n\t<\/div>\n<\/div><\/div><\/div><\/div><\/div><\/div>","protected":false},"excerpt":{"rendered":"<p>L&#8217;11 gennaio del 1693 un violento e catastrofico terremoto scosse la Sicilia Orientale con il tragico bilancio di 60.00 morti di cui 18 mila a Catania e 60 Comuni distrutti. A Palermo la terribile scossa non ebbe conseguenze per uomini e cose tranne qualche crollo di edificio gi\u00e0 pericolante e grande spavento come testimoniano nei [&hellip;]<\/p>\n","protected":false},"author":1,"featured_media":0,"parent":0,"menu_order":0,"comment_status":"closed","ping_status":"closed","template":"","meta":{"vkexunit_cta_each_option":"","footnotes":""},"class_list":["post-10718","page","type-page","status-publish","hentry"],"_links":{"self":[{"href":"https:\/\/cattedrale.palermo.it\/santarosalia\/wp-json\/wp\/v2\/pages\/10718","targetHints":{"allow":["GET"]}}],"collection":[{"href":"https:\/\/cattedrale.palermo.it\/santarosalia\/wp-json\/wp\/v2\/pages"}],"about":[{"href":"https:\/\/cattedrale.palermo.it\/santarosalia\/wp-json\/wp\/v2\/types\/page"}],"author":[{"embeddable":true,"href":"https:\/\/cattedrale.palermo.it\/santarosalia\/wp-json\/wp\/v2\/users\/1"}],"replies":[{"embeddable":true,"href":"https:\/\/cattedrale.palermo.it\/santarosalia\/wp-json\/wp\/v2\/comments?post=10718"}],"version-history":[{"count":22,"href":"https:\/\/cattedrale.palermo.it\/santarosalia\/wp-json\/wp\/v2\/pages\/10718\/revisions"}],"predecessor-version":[{"id":10951,"href":"https:\/\/cattedrale.palermo.it\/santarosalia\/wp-json\/wp\/v2\/pages\/10718\/revisions\/10951"}],"wp:attachment":[{"href":"https:\/\/cattedrale.palermo.it\/santarosalia\/wp-json\/wp\/v2\/media?parent=10718"}],"curies":[{"name":"wp","href":"https:\/\/api.w.org\/{rel}","templated":true}]}}