{"id":184,"date":"2019-04-13T09:42:16","date_gmt":"2019-04-13T07:42:16","guid":{"rendered":"http:\/\/cattedrale.palermo.it\/santarosalia\/?page_id=184"},"modified":"2023-07-29T08:56:27","modified_gmt":"2023-07-29T06:56:27","slug":"il-miracolo","status":"publish","type":"page","link":"https:\/\/cattedrale.palermo.it\/santarosalia\/il-miracolo\/","title":{"rendered":"Il miracolo"},"content":{"rendered":"<div id=\"pl-184\"  class=\"panel-layout\" ><div id=\"pg-184-0\"  class=\"panel-grid panel-has-style\" ><div class=\"panel-row-style panel-row-style-for-184-0\" ><div id=\"pgc-184-0-0\"  class=\"panel-grid-cell\" ><div id=\"panel-184-0-0-0\" class=\"so-panel widget widget_sow-editor panel-first-child panel-last-child\" data-index=\"0\" ><div class=\"panel-widget-style panel-widget-style-for-184-0-0-0\" ><div\n\t\t\t\n\t\t\tclass=\"so-widget-sow-editor so-widget-sow-editor-base\"\n\t\t\t\n\t\t>\n<div class=\"siteorigin-widget-tinymce textwidget\">\n\t<p style=\"text-align: center;\"><img loading=\"lazy\" decoding=\"async\" class=\"aligncenter size-full wp-image-10208\" src=\"https:\/\/cattedrale.palermo.it\/santarosalia\/wp-content\/uploads\/2023\/07\/santa-rosalia-il-miracolo.jpg\" alt=\"\" width=\"1200\" height=\"400\" srcset=\"https:\/\/cattedrale.palermo.it\/santarosalia\/wp-content\/uploads\/2023\/07\/santa-rosalia-il-miracolo.jpg 1200w, https:\/\/cattedrale.palermo.it\/santarosalia\/wp-content\/uploads\/2023\/07\/santa-rosalia-il-miracolo-300x100.jpg 300w, https:\/\/cattedrale.palermo.it\/santarosalia\/wp-content\/uploads\/2023\/07\/santa-rosalia-il-miracolo-1024x341.jpg 1024w, https:\/\/cattedrale.palermo.it\/santarosalia\/wp-content\/uploads\/2023\/07\/santa-rosalia-il-miracolo-768x256.jpg 768w\" sizes=\"auto, (max-width: 1200px) 100vw, 1200px\" \/><\/p>\n<\/div>\n<\/div><\/div><\/div><\/div><\/div><\/div><div id=\"pg-184-1\"  class=\"panel-grid panel-has-style\" ><div class=\"panel-row-style panel-row-style-for-184-1\" ><div id=\"pgc-184-1-0\"  class=\"panel-grid-cell\" ><div id=\"panel-184-1-0-0\" class=\"so-panel widget widget_sow-editor panel-first-child panel-last-child\" data-index=\"1\" ><div class=\"panel-widget-style panel-widget-style-for-184-1-0-0\" ><div\n\t\t\t\n\t\t\tclass=\"so-widget-sow-editor so-widget-sow-editor-base\"\n\t\t\t\n\t\t>\n<div class=\"siteorigin-widget-tinymce textwidget\">\n\t<p><img loading=\"lazy\" decoding=\"async\" class=\"aligncenter size-full wp-image-189\" src=\"http:\/\/cattedrale.palermo.it\/santarosalia\/wp-content\/uploads\/2019\/04\/villarealepeste.jpg\" alt=\"\" width=\"400\" height=\"477\" srcset=\"https:\/\/cattedrale.palermo.it\/santarosalia\/wp-content\/uploads\/2019\/04\/villarealepeste.jpg 400w, https:\/\/cattedrale.palermo.it\/santarosalia\/wp-content\/uploads\/2019\/04\/villarealepeste-252x300.jpg 252w\" sizes=\"auto, (max-width: 400px) 100vw, 400px\" \/><\/p>\n<\/div>\n<\/div><\/div><\/div><\/div><div id=\"pgc-184-1-1\"  class=\"panel-grid-cell\" ><div id=\"panel-184-1-1-0\" class=\"so-panel widget widget_sow-editor panel-first-child panel-last-child\" data-index=\"2\" ><div class=\"panel-widget-style panel-widget-style-for-184-1-1-0\" ><div\n\t\t\t\n\t\t\tclass=\"so-widget-sow-editor so-widget-sow-editor-base\"\n\t\t\t\n\t\t>\n<div class=\"siteorigin-widget-tinymce textwidget\">\n\t<h3><strong>La peste a Palermo<\/strong><\/h3>\n<ul>\n<li><strong>7 maggio 1624 -\u00a0<\/strong>Arriva a Palermo, proveniente da Tunisi, il vascello della redenzione dei cattivi (riscatto dei cristiani prigionieri degli infedeli). Il Vicer\u00e8 Emanuele Filiberto, contro il parere del Senato che sospettava che a bordo covasse la peste, ne permette l\u2019attracco, \u201ccarico come era di mercanzie e ricchi doni a lui inviati dal Re di Tunisi\u201d (Eliana Calandra). La peste si diffonde in citt\u00e0.<\/li>\n<li><strong>Maggio 1624<\/strong>\u00a0-\u00a0Girolama La Gattuta, colpita dal morbo, in un letto dell\u2019Ospedale Grande di Palermo, sogna S. Rosalia che le promette la guarigione se si fosse recata in pellegrinaggio sul Monte Pellegrino. Recatasi sul monte ha una seconda visione in cui la santa Le indica il posto preciso dove si trovano i suoi resti mortali.<\/li>\n<li><strong>24 giugno 1624<\/strong>\u00a0-\u00a0La citt\u00e0 viene dichiarata infetta ed il Senato ordina\u00a0che\u00a0vengano segnalati alle autorit\u00e0 tutte le persone sbarcate dal vascello.<\/li>\n<li><strong>30 giungo 1624<\/strong>\u00a0-\u00a0Il Senato vieta di allontanarsi dalla citt\u00e0 e dai suoi territori senza il \u201cbollettino\u201d rilasciatogli dal maestro notaio.<\/li>\n<li><strong>3 luglio 1624 -<\/strong>\u00a0Il Senato ordina la requisizione del borgo di S. Lucia per utilizzarlo come lazzaretto per gli infermi, i sospetti ed i convalescenti.<\/li>\n<li><strong>8 luglio 1624<\/strong>\u00a0-\u00a0Il Senato dota di archibugi i soldati incaricati di custodire gli infermi e le case \u201cdelli barrigiati\u201d, persone segregate in case, chiuse con sbarre, in cui potevano entrare solo i medici.<\/li>\n<\/ul>\n<\/div>\n<\/div><\/div><\/div><\/div><\/div><\/div><div id=\"pg-184-2\"  class=\"panel-grid panel-has-style\" ><div class=\"panel-row-style panel-row-style-for-184-2\" ><div id=\"pgc-184-2-0\"  class=\"panel-grid-cell\" ><div id=\"panel-184-2-0-0\" class=\"so-panel widget widget_sow-editor panel-first-child panel-last-child\" data-index=\"3\" ><div class=\"panel-widget-style panel-widget-style-for-184-2-0-0\" ><div\n\t\t\t\n\t\t\tclass=\"so-widget-sow-editor so-widget-sow-editor-base\"\n\t\t\t\n\t\t>\n<div class=\"siteorigin-widget-tinymce textwidget\">\n\t<p><img loading=\"lazy\" decoding=\"async\" class=\"aligncenter size-full wp-image-192\" src=\"http:\/\/cattedrale.palermo.it\/santarosalia\/wp-content\/uploads\/2019\/04\/peste2.jpg\" alt=\"\" width=\"400\" height=\"602\" srcset=\"https:\/\/cattedrale.palermo.it\/santarosalia\/wp-content\/uploads\/2019\/04\/peste2.jpg 400w, https:\/\/cattedrale.palermo.it\/santarosalia\/wp-content\/uploads\/2019\/04\/peste2-199x300.jpg 199w\" sizes=\"auto, (max-width: 400px) 100vw, 400px\" \/><\/p>\n<\/div>\n<\/div><\/div><\/div><\/div><div id=\"pgc-184-2-1\"  class=\"panel-grid-cell\" ><div id=\"panel-184-2-1-0\" class=\"so-panel widget widget_sow-editor panel-first-child panel-last-child\" data-index=\"4\" ><div class=\"panel-widget-style panel-widget-style-for-184-2-1-0\" ><div\n\t\t\t\n\t\t\tclass=\"so-widget-sow-editor so-widget-sow-editor-base\"\n\t\t\t\n\t\t>\n<div class=\"siteorigin-widget-tinymce textwidget\">\n\t<h3><strong> <span style=\"color: #000080; font-family: verdana; font-size: small;\"> <span style=\"color: #2b3615; font-family: Verdana; font-size: x-large;\"> Cronistoria del miracolo<\/span><\/span><\/strong><\/h3>\n<ul>\n<li><strong>15 luglio 1624 -<\/strong>Sul Monte Pellegrino nel luogo indicato da Girolama la Cattuta vengono ritrovate ossa umane ricoperte da concrezioni calcaree.<\/li>\n<li><strong>27 luglio 1624 -<\/strong>\u00a0Il pubblico Consiglio stabilisce di onorare S. Rosalia come patrona di Palermo, di dedicarle una cappella in Cattedrale, di onorare le sue reliquie con una solenne e \u201cpomposa\u201d processione e di costruire un\u2019arca d\u2019argento dove riporle.<\/li>\n<li><strong>3 agosto 1624<\/strong>\u00a0-Muore, colpito dal contagio, il Vicer\u00e8 Emanuele Filiberto.<\/li>\n<li><strong>2 settembre 1624<\/strong>\u00a0-\u00a0il Senato ordina di illuminare le strade in onore di S. Rosalia<\/li>\n<li><strong>30 novembre 1624<\/strong>\u00a0-\u00a0Il Cardinale Giannettino Doria nomina una Commissione di teologi perch\u00e9 si pronuncino sul ritrovamento delle ossa di S. Rosalia. Un gruppo di periti medici rimane perplesso di fronte ai reperti che appartengono a persone diverse.<\/li>\n<li><strong>23 gennaio 1625<\/strong>\u00a0-Il Senato elegge alcuni deputati alla sanit\u00e0 per i quattro quartieri della citt\u00e0 perch\u00e9 adottino provvedimenti atti a fronteggiare il diffondersi virulento della epidemia.<\/li>\n<\/ul>\n<\/div>\n<\/div><\/div><\/div><\/div><\/div><\/div><div id=\"pg-184-3\"  class=\"panel-grid panel-has-style\" ><div class=\"panel-row-style panel-row-style-for-184-3\" ><div id=\"pgc-184-3-0\"  class=\"panel-grid-cell\" ><div id=\"panel-184-3-0-0\" class=\"so-panel widget widget_sow-editor panel-first-child panel-last-child\" data-index=\"5\" ><div class=\"panel-widget-style panel-widget-style-for-184-3-0-0\" ><div\n\t\t\t\n\t\t\tclass=\"so-widget-sow-editor so-widget-sow-editor-base\"\n\t\t\t\n\t\t>\n<div class=\"siteorigin-widget-tinymce textwidget\">\n\t<p><img loading=\"lazy\" decoding=\"async\" class=\"aligncenter size-full wp-image-196\" src=\"http:\/\/cattedrale.palermo.it\/santarosalia\/wp-content\/uploads\/2019\/04\/s-roslai-e-cacciatore-formella-porta-cattedrale.jpg\" alt=\"\" width=\"400\" height=\"531\" srcset=\"https:\/\/cattedrale.palermo.it\/santarosalia\/wp-content\/uploads\/2019\/04\/s-roslai-e-cacciatore-formella-porta-cattedrale.jpg 400w, https:\/\/cattedrale.palermo.it\/santarosalia\/wp-content\/uploads\/2019\/04\/s-roslai-e-cacciatore-formella-porta-cattedrale-226x300.jpg 226w\" sizes=\"auto, (max-width: 400px) 100vw, 400px\" \/><\/p>\n<\/div>\n<\/div><\/div><\/div><\/div><div id=\"pgc-184-3-1\"  class=\"panel-grid-cell\" ><div id=\"panel-184-3-1-0\" class=\"so-panel widget widget_sow-editor panel-first-child panel-last-child\" data-index=\"6\" ><div class=\"panel-widget-style panel-widget-style-for-184-3-1-0\" ><div\n\t\t\t\n\t\t\tclass=\"so-widget-sow-editor so-widget-sow-editor-base\"\n\t\t\t\n\t\t>\n<div class=\"siteorigin-widget-tinymce textwidget\">\n\t<ul>\n<li><strong>4 febbraio 1625 -<\/strong>\u00a0Il saponaro Vincenzo Bonello, dopo aver perso la giovane moglie per la peste, sale, con intenzioni suicide, sul Monte Pellegrino con il suo cane ed il fucile. Gli appare in visione S. Rosalia che lo conduce verso la grotta e gli raccomanda di riferire all\u2019Arcivescovo Doria di portare in processione per la citt\u00e0 le sue reliquie, qui ritrovate, perch\u00e9 la peste subito cessi. Il Cacciatore, colpito dal contagio, cos\u00ec come gli aveva predetto la Santa, racconta, in punto di morte, la sua visione al suo confessore, Don Pietro Lo Monaco,\u00a0Cappellano di S. Ippolito al Capo,\u00a0che ne riferisce all\u2019Arcivescovo.<\/li>\n<li><strong>11 febbraio 1625 -<\/strong>\u00a0Il Cardinale Doria, colpito dal racconto del saponaro, riconvoca la commissione dei teologi e dei medici. Questa, il 18 febbraio, certifica che tra i reperti vi \u00e8 un corpo \u201cingastato in densa pietra\u201d certamente di giovane donna. Viene dichiarata la autenticit\u00e0 delle ossa ritrovate come reliquie di S. Rosalia.<\/li>\n<\/ul>\n<\/div>\n<\/div><\/div><\/div><\/div><\/div><\/div><div id=\"pg-184-4\"  class=\"panel-grid panel-has-style\" ><div class=\"panel-row-style panel-row-style-for-184-4\" ><div id=\"pgc-184-4-0\"  class=\"panel-grid-cell\" ><div id=\"panel-184-4-0-0\" class=\"so-panel widget widget_sow-editor panel-first-child panel-last-child\" data-index=\"7\" ><div class=\"panel-widget-style panel-widget-style-for-184-4-0-0\" ><div\n\t\t\t\n\t\t\tclass=\"so-widget-sow-editor so-widget-sow-editor-base\"\n\t\t\t\n\t\t>\n<div class=\"siteorigin-widget-tinymce textwidget\">\n\t<p><img loading=\"lazy\" decoding=\"async\" class=\"aligncenter size-full wp-image-196\" src=\"http:\/\/cattedrale.palermo.it\/santarosalia\/wp-content\/uploads\/2019\/04\/prima-processione.jpg\" alt=\"\" width=\"400\" height=\"531\" \/><\/p>\n<\/div>\n<\/div><\/div><\/div><\/div><div id=\"pgc-184-4-1\"  class=\"panel-grid-cell\" ><div id=\"panel-184-4-1-0\" class=\"so-panel widget widget_sow-editor panel-first-child panel-last-child\" data-index=\"8\" ><div class=\"panel-widget-style panel-widget-style-for-184-4-1-0\" ><div\n\t\t\t\n\t\t\tclass=\"so-widget-sow-editor so-widget-sow-editor-base\"\n\t\t\t\n\t\t>\n<div class=\"siteorigin-widget-tinymce textwidget\">\n\t<ul>\n<li><strong>22 febbraio 1625<\/strong>\u00a0-\u00a0Il Senato riceve in forma ufficiale dal Cardinale Doria le reliquie di Santa Rosalia, che, liberate dalle incrostazioni calcaree, vengono elencate e riposte in un cofano rivestito di velluto e quindi in una cassa d\u2019argento.<\/li>\n<li><strong>3 marzo 1625 <\/strong>-\u00a0Il Senato autorizza la spesa per la costruzione dell\u2019urna di argento e vetro dove riporre le reliquie di S. Rosalia. Il 13 marzo il Card. Doria autorizza la spesa per la festa e la processione in onore della Santa.<\/li>\n<li><strong>2 aprile 1625 <\/strong>-Il Senato dispone che chiunque rinvenga cartocci sospetti, non li tocchi, li sorvegli ed informi la pubblica autorit\u00e0 per la loro rimozione.<br \/>\n<strong>4 giugno 1625 <\/strong>-\u00a0Il Senato emana le disposizioni per la Processione delle reliquie di S. Rosalia.<\/li>\n<li><strong>9 giugno 1625 <\/strong>- si svolge la <strong>prima processione<\/strong> tra un tripudio di folla ed anzich\u00e9 favorirsi il diffondersi del contagio, questo si blocca.<\/li>\n<\/ul>\n<p style=\"padding-left: 60px;\"><a href=\"https:\/\/www.facebook.com\/watch\/?v=1233481550378487\" target=\"_blank\" rel=\"noopener\">Link alla registrazione, pubblicata sulla pagina FB della Cattedrale del racconto di Mons. Filippo Sarullo, della prima processione delle Reliquie di Santa Rosalia, nella puntata di marted\u00ec 9 giugno 2020, del programma Bel tempo si spera su Tv2000 &gt;&gt;<\/a><\/p>\n<ul>\n<li><strong>3 settembre 1625 <\/strong>-\u00a0Il Cardinale Doria, luogotenente generale del regno, dispone che, essendo stata ottenuta per grazia di S. Rosalia la liberazione dalla peste, sia ripristinata la libera circolazione di uomini e merci.<\/li>\n<li><strong>Anno 1630<\/strong>\u00a0-\u00a0Santa Rosalia viene iscritta nel Martirologio che raccoglie i nomi di Martiri e Santi per ogni giorno dell'anno, con queste parole: (15 luglio) \"A Palermo invenzione del corpo di S. Rosalia Vergine palermitana che sotto il Pontificato di Urbano VIII, ritrovato miracolosamente, liber\u00f2 la Sicilia dalla peste nell'anno\u00a0del giubileo.\u201d<\/li>\n<\/ul>\n<\/div>\n<\/div><\/div><\/div><\/div><\/div><\/div><div id=\"pg-184-5\"  class=\"panel-grid panel-has-style\" ><div class=\"panel-row-style panel-row-style-for-184-5\" ><div id=\"pgc-184-5-0\"  class=\"panel-grid-cell\" ><div id=\"panel-184-5-0-0\" class=\"so-panel widget widget_sow-editor panel-first-child panel-last-child\" data-index=\"9\" ><div class=\"panel-widget-style panel-widget-style-for-184-5-0-0\" ><div\n\t\t\t\n\t\t\tclass=\"so-widget-sow-editor so-widget-sow-editor-base\"\n\t\t\t\n\t\t>\n<div class=\"siteorigin-widget-tinymce textwidget\">\n\t<\/div>\n<\/div><\/div><\/div><\/div><\/div><\/div><\/div>","protected":false},"excerpt":{"rendered":"<p>La peste a Palermo 7 maggio 1624 &#8211;\u00a0Arriva a Palermo, proveniente da Tunisi, il vascello della redenzione dei cattivi (riscatto dei cristiani prigionieri degli infedeli). Il Vicer\u00e8 Emanuele Filiberto, contro il parere del Senato che sospettava che a bordo covasse la peste, ne permette l\u2019attracco, \u201ccarico come era di mercanzie e ricchi doni a lui [&hellip;]<\/p>\n","protected":false},"author":1,"featured_media":0,"parent":0,"menu_order":0,"comment_status":"closed","ping_status":"closed","template":"","meta":{"vkexunit_cta_each_option":"","footnotes":""},"class_list":["post-184","page","type-page","status-publish","hentry"],"_links":{"self":[{"href":"https:\/\/cattedrale.palermo.it\/santarosalia\/wp-json\/wp\/v2\/pages\/184","targetHints":{"allow":["GET"]}}],"collection":[{"href":"https:\/\/cattedrale.palermo.it\/santarosalia\/wp-json\/wp\/v2\/pages"}],"about":[{"href":"https:\/\/cattedrale.palermo.it\/santarosalia\/wp-json\/wp\/v2\/types\/page"}],"author":[{"embeddable":true,"href":"https:\/\/cattedrale.palermo.it\/santarosalia\/wp-json\/wp\/v2\/users\/1"}],"replies":[{"embeddable":true,"href":"https:\/\/cattedrale.palermo.it\/santarosalia\/wp-json\/wp\/v2\/comments?post=184"}],"version-history":[{"count":21,"href":"https:\/\/cattedrale.palermo.it\/santarosalia\/wp-json\/wp\/v2\/pages\/184\/revisions"}],"predecessor-version":[{"id":10215,"href":"https:\/\/cattedrale.palermo.it\/santarosalia\/wp-json\/wp\/v2\/pages\/184\/revisions\/10215"}],"wp:attachment":[{"href":"https:\/\/cattedrale.palermo.it\/santarosalia\/wp-json\/wp\/v2\/media?parent=184"}],"curies":[{"name":"wp","href":"https:\/\/api.w.org\/{rel}","templated":true}]}}