{"id":202,"date":"2019-04-13T15:58:02","date_gmt":"2019-04-13T13:58:02","guid":{"rendered":"http:\/\/cattedrale.palermo.it\/santarosalia\/?page_id=202"},"modified":"2024-06-28T11:18:36","modified_gmt":"2024-06-28T09:18:36","slug":"202-2","status":"publish","type":"page","link":"https:\/\/cattedrale.palermo.it\/santarosalia\/202-2\/","title":{"rendered":"U Fistinu"},"content":{"rendered":"<div id=\"pl-202\"  class=\"panel-layout\" ><div id=\"pg-202-0\"  class=\"panel-grid panel-has-style\" ><div class=\"panel-row-style panel-row-style-for-202-0\" ><div id=\"pgc-202-0-0\"  class=\"panel-grid-cell\" ><div id=\"panel-202-0-0-0\" class=\"so-panel widget widget_sow-editor panel-first-child panel-last-child\" data-index=\"0\" ><div class=\"panel-widget-style panel-widget-style-for-202-0-0-0\" ><div\n\t\t\t\n\t\t\tclass=\"so-widget-sow-editor so-widget-sow-editor-base\"\n\t\t\t\n\t\t>\n<div class=\"siteorigin-widget-tinymce textwidget\">\n\t<p style=\"text-align: center;\"><img loading=\"lazy\" decoding=\"async\" class=\"aligncenter size-full wp-image-10210\" src=\"https:\/\/cattedrale.palermo.it\/santarosalia\/wp-content\/uploads\/2023\/07\/santa-rosalia-u-fistinu.jpg\" alt=\"\" width=\"1200\" height=\"400\" srcset=\"https:\/\/cattedrale.palermo.it\/santarosalia\/wp-content\/uploads\/2023\/07\/santa-rosalia-u-fistinu.jpg 1200w, https:\/\/cattedrale.palermo.it\/santarosalia\/wp-content\/uploads\/2023\/07\/santa-rosalia-u-fistinu-300x100.jpg 300w, https:\/\/cattedrale.palermo.it\/santarosalia\/wp-content\/uploads\/2023\/07\/santa-rosalia-u-fistinu-1024x341.jpg 1024w, https:\/\/cattedrale.palermo.it\/santarosalia\/wp-content\/uploads\/2023\/07\/santa-rosalia-u-fistinu-768x256.jpg 768w\" sizes=\"auto, (max-width: 1200px) 100vw, 1200px\" \/><\/p>\n<\/div>\n<\/div><\/div><\/div><\/div><\/div><\/div><div id=\"pg-202-1\"  class=\"panel-grid panel-has-style\" ><div class=\"panel-row-style panel-row-style-for-202-1\" ><div id=\"pgc-202-1-0\"  class=\"panel-grid-cell\" ><div id=\"panel-202-1-0-0\" class=\"so-panel widget widget_sow-editor panel-first-child panel-last-child\" data-index=\"1\" ><div class=\"panel-widget-style panel-widget-style-for-202-1-0-0\" ><div\n\t\t\t\n\t\t\tclass=\"so-widget-sow-editor so-widget-sow-editor-base\"\n\t\t\t\n\t\t>\n<div class=\"siteorigin-widget-tinymce textwidget\">\n\t<p>\u201cU FISTINU\u201d \u00e8 il nome che i Palermitani danno alla grande e sfarzosa festa con cui ogni fanno memoria della miracolosa processione del 9 giugno del 1625 delle reliquie di santa Rosalia che salv\u00f2 la Citt\u00e0 dalla peste. La festa inizia il 10 di luglio e si protrae per 5 giorni fino al 15 luglio giorno in cui si rivive la processione dell'Urna a reliquiario in cui \u00e8 custodito il corpo mortale di S. Rosalia per le vie del Centro storico di Palermo. E\u2019 la festa che come scrive il Villabianca \u201cil popolo considera appannaggio tutto suo: tempo\/spazio sacro del suo parlare con la Santa\u201d.<br \/>\nUna festa talmente sentita che le giovani da marito chiedevano, nei secoli scorsi, ai futuri sposi si impegnassero ad accompagnarvele anche per iscritto, si la partecipazione al festino faceva parte dei \"patti prematrimoniali\" del tempo!<\/p>\n<p>Nel 2024 ricorre il 400\u00b0 anniversario del ritrovamento delle reliquie di S. Rosalia nella grotta sul Monte Pellegrino e l'Arcivescovo di Palermo, S.E. Mons. Corrado Lorefice ha indetto dal 10 luglio 2023 al 4 settembre 2024 indetto l\u2019anno Giubilare Rosaliano dal titolo<\/p>\n<p style=\"text-align: center;\"><strong>\"Rosalia, pellegrina di speranza. Il profumo di una donna che attraversa il tempo per dare speranza a ogni tempo\"<\/strong><\/p>\n<p><a href=\"https:\/\/stampa.chiesadipalermo.it\/iv-centenario-del-ritrovamento-del-corpo-di-s-rosalia-insediato-il-comitato-diocesano-lorganismo-sara-presieduto-dallarcivescovo-di-palermo-mons-corrado-lorefice-2\/\" target=\"_blank\" rel=\"noopener\"><img loading=\"lazy\" decoding=\"async\" class=\"aligncenter wp-image-3612\" src=\"https:\/\/cattedrale.palermo.it\/santarosalia\/wp-content\/uploads\/2023\/02\/banner-completo-400-anniversario1.jpg\" alt=\"\" width=\"1024\" height=\"433\" srcset=\"https:\/\/cattedrale.palermo.it\/santarosalia\/wp-content\/uploads\/2023\/02\/banner-completo-400-anniversario1.jpg 1200w, https:\/\/cattedrale.palermo.it\/santarosalia\/wp-content\/uploads\/2023\/02\/banner-completo-400-anniversario1-300x127.jpg 300w, https:\/\/cattedrale.palermo.it\/santarosalia\/wp-content\/uploads\/2023\/02\/banner-completo-400-anniversario1-1024x433.jpg 1024w, https:\/\/cattedrale.palermo.it\/santarosalia\/wp-content\/uploads\/2023\/02\/banner-completo-400-anniversario1-768x325.jpg 768w\" sizes=\"auto, (max-width: 1024px) 100vw, 1024px\" \/><\/a><\/p>\n<\/div>\n<\/div><\/div><\/div><\/div><\/div><\/div><div id=\"pg-202-2\"  class=\"panel-grid panel-has-style\" ><div class=\"panel-row-style panel-row-style-for-202-2\" ><div id=\"pgc-202-2-0\"  class=\"panel-grid-cell\" ><div id=\"panel-202-2-0-0\" class=\"so-panel widget widget_sow-editor panel-first-child panel-last-child\" data-index=\"2\" ><div class=\"panel-widget-style panel-widget-style-for-202-2-0-0\" ><div\n\t\t\t\n\t\t\tclass=\"so-widget-sow-editor so-widget-sow-editor-base\"\n\t\t\t\n\t\t>\n<div class=\"siteorigin-widget-tinymce textwidget\">\n\t<p>\u201cU Fistinu\u201d ha subito delle evoluzioni nel corso dei secoli.<\/p>\n<p>Nei 4 giorni che precedono la processione si snodano, integrandosi, due programmi di festeggiamenti: quello religioso fatto soprattutto di celebrazioni liturgiche, spettacoli rievocativi e mostre dedicate alla Santuzza e quello della Municipalit\u00e0 che ha il suo clou in quella che oggi potremmo chiamare la grande kermesse della sera del 14 luglio che accompagna il carro trionfale di S. Rosalia dal piano del Palazzo alla Marina dove verranno sparati i famosi giochi d'artificio.<\/p>\n<p>In S. Rosalia e nella sua festa i Palermitani trovano una ragione ed una occasione di identit\u00e0 collettiva ben sintetizzato nel grido \u201cViva Palermo e S. Rosalia\".<\/p>\n<\/div>\n<\/div><\/div><\/div><\/div><\/div><\/div><div id=\"pg-202-3\"  class=\"panel-grid panel-has-style\" ><div class=\"panel-row-style panel-row-style-for-202-3\" ><div id=\"pgc-202-3-0\"  class=\"panel-grid-cell\" ><div id=\"panel-202-3-0-0\" class=\"so-panel widget widget_sow-editor panel-first-child panel-last-child\" data-index=\"3\" ><div class=\"panel-widget-style panel-widget-style-for-202-3-0-0\" ><div\n\t\t\t\n\t\t\tclass=\"so-widget-sow-editor so-widget-sow-editor-base\"\n\t\t\t\n\t\t>\n<div class=\"siteorigin-widget-tinymce textwidget\">\n\t<hr \/>\n<h4><strong><span style=\"color: #993300;\">Il programma religioso<\/span><\/strong><\/h4>\n<hr \/>\n<p>Limitato fino a pochi anni fa alla celebrazione delle novene e delle sacre liturgie in Cattedrale in preparazione della solenne Processione del giorno 15, si \u00e8 arricchito in questi ultimi anni di altri eventi di ispirazione culturale (mostre concerti e sacre rappresentazioni, ecc...) e devozionale, tra queste vanno citati l'allestimento degli altarini nel vicolo Brugn\u00f2, di fronte la Cattedrale, e nel piano del Monte di Piet\u00e0 dove si trova la prima edicola votiva dedicata a S. Rosalia (1624)<\/p>\n<p>Appuntamenti fissi del Programma religioso sono:<\/p>\n<ul>\n<li>la traslazione, all'interno della Cattedrale, dell'urna a reliquiario di S. Rosalia dalla cappella a Lei dedicata alla navata centrale per essere offerta ad una folla sempre pi\u00f9 numerosa di devoti e pellegrini,<\/li>\n<li>le Liturgie Eucaristiche in Cattedrale dei tardi pomeriggi de 11,12,13 luglio, che negli ultimi tempi \u00e8 in uso far animare da sempre diverse Comunit\u00e0 Parrocchiali dell'Arcidiocesi,<\/li>\n<li>la Liturgia Eucaristica nella cappella del Palazzo Comunale dedicata a S. Rosalia, occasione in cui l'Arcivescovo incontra e si rivolge alle autorit\u00e0 cittadine e che si conclude con l'omaggio floreale offerto dai Vigili del fuoco alla statua della Santuzza che conclude la facciata del palazzo,<\/li>\n<li>la celebrazione dei Solenni Vespri pontificali nel tardo pomeriggio del 14 luglio<\/li>\n<li>Il solenne Pontificale presieduto dall'Arcivescovo nella mattinata del 15 luglio<\/li>\n<\/ul>\n<p>Il programma religioso degli eventi del festino in onore di Santa Rosalia si conclude con la\u00a0<strong>Solenne processione dell'urna d'argento in cui sono custoditi i resti del corpo di S. Rosalia per le vie della Citt\u00e0.<\/strong><\/p>\n<p style=\"text-align: center;\"><img loading=\"lazy\" decoding=\"async\" class=\"aligncenter size-full wp-image-210\" src=\"http:\/\/cattedrale.palermo.it\/santarosalia\/wp-content\/uploads\/2019\/04\/rosalia-festa-festino-processione-sera.jpg\" alt=\"\" width=\"950\" height=\"534\" srcset=\"https:\/\/cattedrale.palermo.it\/santarosalia\/wp-content\/uploads\/2019\/04\/rosalia-festa-festino-processione-sera.jpg 950w, https:\/\/cattedrale.palermo.it\/santarosalia\/wp-content\/uploads\/2019\/04\/rosalia-festa-festino-processione-sera-300x169.jpg 300w, https:\/\/cattedrale.palermo.it\/santarosalia\/wp-content\/uploads\/2019\/04\/rosalia-festa-festino-processione-sera-768x432.jpg 768w\" sizes=\"auto, (max-width: 950px) 100vw, 950px\" \/><\/p>\n<p>Aprono la processione tutte le Confraternite di Palermo, seguono gli ordini religiosi ed il Clero. La preziosa \u201cvara\u201d \u00e8 seguita, tra due ali di folla, dal Cardinale e dalle autorit\u00e0 cittadine.<br \/>\nDopo aver percorso l\u2019antico Cassaro il corteo, a Piazza Marina, si raccoglie intorno al Cardinale per ascoltarne le parole rivolte alla citt\u00e0.<br \/>\nRipreso il cammino ed attraversato buona parte dell\u2019antico Centro storico la vara rientra, a mezzanotte, in Cattedrale, tra le grida dei confrati che glorificano la \u201cSantuzza<\/p>\n<h4 style=\"text-align: center;\"><span style=\"color: #000080;\"><strong>Viva Palermo e S. Rosalia!!!<\/strong><\/span><\/h4>\n<\/div>\n<\/div><\/div><\/div><\/div><\/div><\/div><div id=\"pg-202-4\"  class=\"panel-grid panel-has-style\" ><div class=\"panel-row-style panel-row-style-for-202-4\" ><div id=\"pgc-202-4-0\"  class=\"panel-grid-cell\" ><div id=\"panel-202-4-0-0\" class=\"so-panel widget widget_sow-editor panel-first-child panel-last-child\" data-index=\"4\" ><div class=\"panel-widget-style panel-widget-style-for-202-4-0-0\" ><div\n\t\t\t\n\t\t\tclass=\"so-widget-sow-editor so-widget-sow-editor-base\"\n\t\t\t\n\t\t>\n<div class=\"siteorigin-widget-tinymce textwidget\">\n\t<hr \/>\n<h4><span style=\"color: #993300;\"><strong>Il programma degli eventi promossi dall'Amministrazione Comunale<\/strong><\/span><\/h4>\n<hr \/>\n<p>Il Comune ogni anno, secondo le disponibilit\u00e0 di bilancio e con il sostegno del volontariato, promuove un ricco programma di eventi per onorare la Santa Patrona. Mostre, spettacoli di intrattenimento: recitazione, canto, ballo ed altre performances allietano le serate dei palermitani nei giorni del festino. Alcuni eventi sono a forte impronta devozionale come la celebrazione dei \"triunfi\", richiamando l'antica tradizione di onorare il Santo da cui si era ottenuta una grazia con una ballata, eseguita al tempo soprattutto da \"orbi\" (ciechi), in cui decantare le virt\u00f9 ed i meriti della loro vita e la gloria goduta in cielo,<\/p>\n<p>Il programma della Municipalit\u00e0 ha il suo clou in quella che oggi potremmo chiamare la grande kermesse della sera del 14 luglio che accompagna il carro trionfale di S. Rosalia dal piano del Palazzo alla Marina dove verranno sparati i famosi giochi d'artificio.<\/p>\n<h4><strong>La grande \"kermesse\" del 14 luglio<\/strong><\/h4>\n<p style=\"text-align: center;\"><img loading=\"lazy\" decoding=\"async\" class=\"aligncenter size-full wp-image-206\" src=\"http:\/\/cattedrale.palermo.it\/santarosalia\/wp-content\/uploads\/2019\/04\/rosalia-festa-pal-reale-575-.jpg\" alt=\"\" width=\"950\" height=\"389\" srcset=\"https:\/\/cattedrale.palermo.it\/santarosalia\/wp-content\/uploads\/2019\/04\/rosalia-festa-pal-reale-575-.jpg 950w, https:\/\/cattedrale.palermo.it\/santarosalia\/wp-content\/uploads\/2019\/04\/rosalia-festa-pal-reale-575--300x123.jpg 300w, https:\/\/cattedrale.palermo.it\/santarosalia\/wp-content\/uploads\/2019\/04\/rosalia-festa-pal-reale-575--768x314.jpg 768w\" sizes=\"auto, (max-width: 950px) 100vw, 950px\" \/><\/p>\n<p>Dopo diversi giorni di preparativi e prove, alcune di queste dei veri e propri eventi che richiamano\u00a0 una folla di spettatori, ha inizio la grande festa, che coinvolge una gran massa di palermitani di citt\u00e0 e di provincia e tantissimi turisti, che vengono a Palermo per l'occasione, tra questi tanti emigranti. Negli ultimi anni i diversi direttori artistici chiamati dall'Amministrazione iniziano la festa con una rievocazione storica della vita e del miracolo di Santa Rosalia o nel piano del del Palazzo Reale o in quello della Cattedrale o tutti e due.<\/p>\n<h4><strong>Il Carro trionfale<\/strong><\/h4>\n<p>Alla conclusione della rievocazione inizia il corteo che accompagner\u00e0 il Carro trionfale lungo tutto il Cassaro<\/p>\n<p style=\"text-align: center;\"><img loading=\"lazy\" decoding=\"async\" class=\"aligncenter size-full wp-image-207\" src=\"http:\/\/cattedrale.palermo.it\/santarosalia\/wp-content\/uploads\/2019\/04\/rosalia-festa-incisione-1785-carro-.jpg\" alt=\"\" width=\"950\" height=\"389\" srcset=\"https:\/\/cattedrale.palermo.it\/santarosalia\/wp-content\/uploads\/2019\/04\/rosalia-festa-incisione-1785-carro-.jpg 950w, https:\/\/cattedrale.palermo.it\/santarosalia\/wp-content\/uploads\/2019\/04\/rosalia-festa-incisione-1785-carro--300x123.jpg 300w, https:\/\/cattedrale.palermo.it\/santarosalia\/wp-content\/uploads\/2019\/04\/rosalia-festa-incisione-1785-carro--768x314.jpg 768w\" sizes=\"auto, (max-width: 950px) 100vw, 950px\" \/><\/p>\n<p>Il Carro ha la forma di un vascello, con a poppa una struttura architettonica alla cui sommit\u00e0 \u00e8 issata una statua di Santa Rosalia nel pieno della sua gloria, che di solito viene disvelata davanti al piano della Cattedrale, dove si svolge un'altro momento di animazione a celebrazione della gloria della Santa.A prua prendono posto dei musici che accompagnano il carro durante il suo cammino.<\/p>\n<p>Il primo carro \u00e8 stato realizzato nel 1686. Nel corso dei secoli ha subito diverse evoluzioni, famosi quelli progettati da P. Amato, da A. Palma e G. Bonomo.<\/p>\n<p>Molti affermano che con il carro trionfale i palermitani insieme alla gloria della Santa vogliono riaffermare la gloria della propria citt\u00e0, un tempo capitale del mondo. Certo \u00e8 che,. soprattutto in questi ultimi anni, il Carro \u00e8 metafora della voglia della citt\u00e0 di trionfare sui propri mali cos\u00ec come la sua \u201cSantuzza\u201d lo fece sulla peste.<\/p>\n<p>Percorso tutto il Cassaro, da porta Felice il Carro entra alla marina dove verranno sparati i famosi giochi d'artificio.<\/p>\n<p style=\"text-align: center;\"><img loading=\"lazy\" decoding=\"async\" class=\"aligncenter size-full wp-image-207\" src=\"http:\/\/cattedrale.palermo.it\/santarosalia\/wp-content\/uploads\/2019\/04\/rosalia-festa-festino-giocodifuoco.jpg\" alt=\"\" width=\"950\" height=\"389\" \/><\/p>\n<\/div>\n<\/div><\/div><\/div><\/div><\/div><\/div><div id=\"pg-202-5\"  class=\"panel-grid panel-has-style\" ><div class=\"panel-row-style panel-row-style-for-202-5\" ><div id=\"pgc-202-5-0\"  class=\"panel-grid-cell\" ><div id=\"panel-202-5-0-0\" class=\"so-panel widget widget_sow-editor panel-first-child panel-last-child\" data-index=\"5\" ><div class=\"panel-widget-style panel-widget-style-for-202-5-0-0\" ><div\n\t\t\t\n\t\t\tclass=\"so-widget-sow-editor so-widget-sow-editor-base\"\n\t\t\t\n\t\t>\n<div class=\"siteorigin-widget-tinymce textwidget\">\n\t<hr \/>\n<h4 style=\"text-align: center;\"><strong><span style=\"color: #993300;\">Mostra sul web <\/span><\/strong><\/h4>\n<h1 style=\"text-align: center;\"><strong><span style=\"color: #993300;\">IL RACCONTO DEI FESTINI DEDICATI A S. ROSALIA <\/span><\/strong><\/h1>\n<h4 style=\"text-align: center;\"><strong>dal 1625 ad oggi<\/strong><\/h4>\n<hr \/>\n<p>La mostra, realizzata in occasione del 400\u00b0 Festino di Santa Rosalia, integra quanto gi\u00e0 pubblicato in questo sito con i documenti e le immagini raccolti da Franco Calamia ed Emilio Mulinelli, che ringraziamo, sul Festino dal 1706 al 1974.<\/p>\n<h4><a href=\"https:\/\/cattedrale.palermo.it\/santarosalia\/il-racconto-dei-festini-dedicati-a-s-rosalia-dal-1625-ad-oggi\/\"><strong>Ingresso alla mostra &gt;&gt;<\/strong><\/a><\/h4>\n<\/div>\n<\/div><\/div><\/div><\/div><\/div><\/div><div id=\"pg-202-6\"  class=\"panel-grid panel-has-style\" ><div class=\"panel-row-style panel-row-style-for-202-6\" ><div id=\"pgc-202-6-0\"  class=\"panel-grid-cell\" ><div id=\"panel-202-6-0-0\" class=\"so-panel widget widget_sow-editor panel-first-child panel-last-child\" data-index=\"6\" ><div class=\"panel-widget-style panel-widget-style-for-202-6-0-0\" ><div\n\t\t\t\n\t\t\tclass=\"so-widget-sow-editor so-widget-sow-editor-base\"\n\t\t\t\n\t\t>\n<div class=\"siteorigin-widget-tinymce textwidget\">\n\t<\/div>\n<\/div><\/div><\/div><\/div><\/div><\/div><\/div>","protected":false},"excerpt":{"rendered":"<p>\u201cU FISTINU\u201d \u00e8 il nome che i Palermitani danno alla grande e sfarzosa festa con cui ogni fanno memoria della miracolosa processione del 9 giugno del 1625 delle reliquie di santa Rosalia che salv\u00f2 la Citt\u00e0 dalla peste. La festa inizia il 10 di luglio e si protrae per 5 giorni fino al 15 luglio [&hellip;]<\/p>\n","protected":false},"author":1,"featured_media":0,"parent":0,"menu_order":0,"comment_status":"closed","ping_status":"closed","template":"","meta":{"vkexunit_cta_each_option":"","footnotes":""},"class_list":["post-202","page","type-page","status-publish","hentry"],"_links":{"self":[{"href":"https:\/\/cattedrale.palermo.it\/santarosalia\/wp-json\/wp\/v2\/pages\/202","targetHints":{"allow":["GET"]}}],"collection":[{"href":"https:\/\/cattedrale.palermo.it\/santarosalia\/wp-json\/wp\/v2\/pages"}],"about":[{"href":"https:\/\/cattedrale.palermo.it\/santarosalia\/wp-json\/wp\/v2\/types\/page"}],"author":[{"embeddable":true,"href":"https:\/\/cattedrale.palermo.it\/santarosalia\/wp-json\/wp\/v2\/users\/1"}],"replies":[{"embeddable":true,"href":"https:\/\/cattedrale.palermo.it\/santarosalia\/wp-json\/wp\/v2\/comments?post=202"}],"version-history":[{"count":101,"href":"https:\/\/cattedrale.palermo.it\/santarosalia\/wp-json\/wp\/v2\/pages\/202\/revisions"}],"predecessor-version":[{"id":11792,"href":"https:\/\/cattedrale.palermo.it\/santarosalia\/wp-json\/wp\/v2\/pages\/202\/revisions\/11792"}],"wp:attachment":[{"href":"https:\/\/cattedrale.palermo.it\/santarosalia\/wp-json\/wp\/v2\/media?parent=202"}],"curies":[{"name":"wp","href":"https:\/\/api.w.org\/{rel}","templated":true}]}}