{"id":235,"date":"2019-04-15T16:55:15","date_gmt":"2019-04-15T14:55:15","guid":{"rendered":"http:\/\/cattedrale.palermo.it\/santarosalia\/?page_id=235"},"modified":"2024-04-20T22:02:22","modified_gmt":"2024-04-20T20:02:22","slug":"la-devozione","status":"publish","type":"page","link":"https:\/\/cattedrale.palermo.it\/santarosalia\/la-devozione\/","title":{"rendered":"Culto e devozione"},"content":{"rendered":"<div id=\"pl-235\"  class=\"panel-layout\" ><div id=\"pg-235-0\"  class=\"panel-grid panel-has-style\" ><div class=\"panel-row-style panel-row-style-for-235-0\" ><div id=\"pgc-235-0-0\"  class=\"panel-grid-cell\" ><div id=\"panel-235-0-0-0\" class=\"so-panel widget widget_sow-editor panel-first-child panel-last-child\" data-index=\"0\" ><div class=\"panel-widget-style panel-widget-style-for-235-0-0-0\" ><div\n\t\t\t\n\t\t\tclass=\"so-widget-sow-editor so-widget-sow-editor-base\"\n\t\t\t\n\t\t>\n<div class=\"siteorigin-widget-tinymce textwidget\">\n\t<p style=\"text-align: center;\"><img loading=\"lazy\" decoding=\"async\" class=\"aligncenter size-full wp-image-10220\" src=\"https:\/\/cattedrale.palermo.it\/santarosalia\/wp-content\/uploads\/2023\/07\/santa-rosalia-culto-e-devozione-1.jpg\" alt=\"\" width=\"1200\" height=\"400\" srcset=\"https:\/\/cattedrale.palermo.it\/santarosalia\/wp-content\/uploads\/2023\/07\/santa-rosalia-culto-e-devozione-1.jpg 1200w, https:\/\/cattedrale.palermo.it\/santarosalia\/wp-content\/uploads\/2023\/07\/santa-rosalia-culto-e-devozione-1-300x100.jpg 300w, https:\/\/cattedrale.palermo.it\/santarosalia\/wp-content\/uploads\/2023\/07\/santa-rosalia-culto-e-devozione-1-1024x341.jpg 1024w, https:\/\/cattedrale.palermo.it\/santarosalia\/wp-content\/uploads\/2023\/07\/santa-rosalia-culto-e-devozione-1-768x256.jpg 768w\" sizes=\"auto, (max-width: 1200px) 100vw, 1200px\" \/><\/p>\n<\/div>\n<\/div><\/div><\/div><\/div><\/div><\/div><div id=\"pg-235-1\"  class=\"panel-grid panel-has-style\" ><div class=\"panel-row-style panel-row-style-for-235-1\" ><div id=\"pgc-235-1-0\"  class=\"panel-grid-cell\" ><div id=\"panel-235-1-0-0\" class=\"so-panel widget widget_sow-editor panel-first-child panel-last-child\" data-index=\"1\" ><div\n\t\t\t\n\t\t\tclass=\"so-widget-sow-editor so-widget-sow-editor-base\"\n\t\t\t\n\t\t>\n<div class=\"siteorigin-widget-tinymce textwidget\">\n\t<h4 style=\"text-align: center;\"><span style=\"color: #993300;\"><strong>Viva Palermo e S. Rosalia!<\/strong><\/span><\/h4>\n<p>\"Viva Palermo e S. Rusulia\", gridato a squarciagola, \u00e8 l'invocazione di giubilo che sintetizza nei palermitani il legame forte tra la Citt\u00e0 e la \"Santuzza\", il vezzeggiativo con cui essi si rivolgono alla loro Santa Patrona.<\/p>\n<p>Nel discorso rivolto alla citt\u00e0 a Piazza Marina, durante la Processione delle Reliquie della Santa, in occasione del 380\u00b0 Festino il Cardinale Pappalardo disse: \"S. Rosalia vive nel cuore di palermitani autentici: \u00e8 una concittadina onorata e festeggiata perch\u00e9 riconosciuta Vergine Santa della Chiesa Cattolica. Per questo le spetta l'omaggio dei suoi abitanti ed il rinnovato impegno di un culto che sia anche imitazione del suo esempio e della sua virt\u00f9\".<\/p>\n<p>Si! Santa Rosalia \u00e8 amata ed onorata dai palermitani soprattutto per la sue virt\u00f9, per la sua santit\u00e0. Rosalia \u00e8 soprattutto la Santa dei poveri e degli ultimi della citt\u00e0, la Santa che sentono propria perch\u00e9 ha scelto una vita grama abbandonando le ricchezze e gli agi della sua condizione nobiliare. Sentimenti che ritroviamo plasticamente ripresi nelle raffigurazioni popolari della Santa, quasi sempre ritratta con il serto di rose e gigli, icona del suo amore per il Signore e della sua purezza, in atteggiamento di estatica preghiera contemplativa, con lo sguardo intenso rivolto al crocifisso, circondata dagli elementi che richiamano alla sua scelta eremita: il bastone, la conchiglia e teschio poggiato sul Vangelo e con indosso l'umile saio francescano, anzich\u00e9 i pi\u00f9 ricchi vestimenti di monaca basiliana, quale dovette essere secondo il Cascini che ne scrisse la storia ufficiale, ne tanto meno in abiti sfarzosi che richiamino le sue origini nobiliari.\u00a0Un ruolo significativo nella diffusione del culto e della devozioni lo ebbe il poeta dialettale Pietro Fudduni, di professione pirriaturi, lavoratore della pietra, che abitava nel quartiere Capo ed a cui il Senato Palermitano chiese di tradurre nella lingua del popolo la \"historia\" di Santa Rosalia.<\/p>\n<p><span style=\"color: #993300;\">Per un approfondimento sulla origine del culto e la devozione a S. Rosalia subito dopo la sua morte sul Monte Pellegrino ed il suo rapido ed impetuoso diffondersi in occasione del diffondersi dell'epidemia pestilenziale scoppiata in citt\u00e0 nel 1624 e soprattutto dopo la miracolosa liberazione da questa per opera della stessa Santa, rimandiamo alla lettura della pregevole e documentata tesi \"ROSALIA STORIA DI UNA CITTA'\" scritta da <em><strong>Filippo Sapienza<\/strong><\/em>, allievo della Pontificia Facolt\u00e0 Teologica di Sicilia \"San Giovanni Evangelista\" essendo docente <em>Calogero Cerami. <\/em><\/span><\/p>\n<p><a href=\"https:\/\/cattedrale.palermo.it\/santarosalia\/wp-content\/uploads\/2024\/04\/Rosalia-Sinibaldi-storia-di-una-cittA-.-Metodologia-Cerami.pdf\" target=\"_blank\" rel=\"noopener\"><strong>Link e dowonload del testo &gt;&gt;<\/strong><\/a><\/p>\n<p>Momenti topici della devozione dei palermitani a S. Rosalia sono <strong>i giorni tra il 10 ed il 15 di luglio<\/strong> quando, con cinque giorni di festa detti <strong>\"U Fistinu\"<\/strong>, fanno memoria del ritrovamento del corpo mortale di Santa Rosalia sul Monte Pellegrino avvenuto il 15 luglio del 1624 ed il <strong>4 settembre<\/strong> ricordando, con il pellegrinaggio al Santuario del Monte Pellegrino: <strong>\"l'acchianata\"<\/strong>, il \"die Natalis\" della Santa.<\/p>\n<\/div>\n<\/div><\/div><\/div><\/div><\/div><div id=\"pg-235-2\"  class=\"panel-grid panel-has-style\" ><div class=\"panel-row-style panel-row-style-for-235-2\" ><div id=\"pgc-235-2-0\"  class=\"panel-grid-cell\" ><div id=\"panel-235-2-0-0\" class=\"so-panel widget widget_sow-editor panel-first-child panel-last-child\" data-index=\"2\" ><div class=\"panel-widget-style panel-widget-style-for-235-2-0-0\" ><div\n\t\t\t\n\t\t\tclass=\"so-widget-sow-editor so-widget-sow-editor-base\"\n\t\t\t\n\t\t>\n<div class=\"siteorigin-widget-tinymce textwidget\">\n\t<p><a href=\"http:\/\/cattedrale.palermo.it\/santarosalia\/202-2\/\"><img loading=\"lazy\" decoding=\"async\" class=\"size-full wp-image-88 aligncenter\" src=\"http:\/\/cattedrale.palermo.it\/santarosalia\/wp-content\/uploads\/2019\/03\/u-fistinu-.jpg\" alt=\"\" width=\"535\" height=\"257\" srcset=\"https:\/\/cattedrale.palermo.it\/santarosalia\/wp-content\/uploads\/2019\/03\/u-fistinu-.jpg 535w, https:\/\/cattedrale.palermo.it\/santarosalia\/wp-content\/uploads\/2019\/03\/u-fistinu--300x144.jpg 300w\" sizes=\"auto, (max-width: 535px) 100vw, 535px\" \/><\/a><\/p>\n<\/div>\n<\/div><\/div><\/div><\/div><div id=\"pgc-235-2-1\"  class=\"panel-grid-cell\" ><div id=\"panel-235-2-1-0\" class=\"so-panel widget widget_sow-editor panel-first-child panel-last-child\" data-index=\"3\" ><div class=\"panel-widget-style panel-widget-style-for-235-2-1-0\" ><div\n\t\t\t\n\t\t\tclass=\"so-widget-sow-editor so-widget-sow-editor-base\"\n\t\t\t\n\t\t>\n<div class=\"siteorigin-widget-tinymce textwidget\">\n\t<p><a href=\"http:\/\/cattedrale.palermo.it\/santarosalia\/lacchianata\/\"><img loading=\"lazy\" decoding=\"async\" class=\"size-full wp-image-89 aligncenter\" src=\"http:\/\/cattedrale.palermo.it\/santarosalia\/wp-content\/uploads\/2019\/03\/acchianata-.jpg\" alt=\"\" width=\"535\" height=\"257\" srcset=\"https:\/\/cattedrale.palermo.it\/santarosalia\/wp-content\/uploads\/2019\/03\/acchianata-.jpg 535w, https:\/\/cattedrale.palermo.it\/santarosalia\/wp-content\/uploads\/2019\/03\/acchianata--300x144.jpg 300w\" sizes=\"auto, (max-width: 535px) 100vw, 535px\" \/><\/a><\/p>\n<\/div>\n<\/div><\/div><\/div><\/div><\/div><\/div><div id=\"pg-235-3\"  class=\"panel-grid panel-has-style\" ><div class=\"panel-row-style panel-row-style-for-235-3\" ><div id=\"pgc-235-3-0\"  class=\"panel-grid-cell\" ><div id=\"panel-235-3-0-0\" class=\"so-panel widget widget_sow-editor panel-first-child panel-last-child\" data-index=\"4\" ><div\n\t\t\t\n\t\t\tclass=\"so-widget-sow-editor so-widget-sow-editor-base\"\n\t\t\t\n\t\t>\n<div class=\"siteorigin-widget-tinymce textwidget\">\n\t<h4>U Triunfu<\/h4>\n<p>Il culto e la devozione a Santa Rosalia, che si diffuse gi\u00e0 subito dopo la sua morte, come raccontiamo nella pagina dedicata alla vita della Santa, ha dimensioni personali ma anche comunitarie, anche piccole come quella di un vicolo o di un baglio. Queste, ancora qualche anno fa, si riunivano intorno alla edicola votiva in cui era custodita l'immagine venerata, per celebrare alla Santuzza il suo \"Triunfu\", di cui diamo ampie notizie nella sezione del sito dedicata a <a href=\"https:\/\/cattedrale.palermo.it\/santarosalia\/santa-rosalia-nella-musica-e-nelle-lettere\/\">S. Rosalia nella musica e nelle lettere.<\/a><\/p>\n<p>Con la foto sotto riportata vogliamo citare e ricordare Vito Parrinello, grande devoto di Santa Rosalia e studioso, cultore e divulgatore delle espressioni della devozione popolare a S. Rosalia. Oggi il triunfu viene replicato soprattutto da cultori delle antiche tradizioni nei giorni del festino.<\/p>\n<p style=\"text-align: center;\"><img loading=\"lazy\" decoding=\"async\" class=\"aligncenter wp-image-8847 size-large\" src=\"https:\/\/cattedrale.palermo.it\/santarosalia\/wp-content\/uploads\/2023\/05\/04-festino-1998-File0391-ridotto-1024x692.jpg\" alt=\"\" width=\"1024\" height=\"692\" srcset=\"https:\/\/cattedrale.palermo.it\/santarosalia\/wp-content\/uploads\/2023\/05\/04-festino-1998-File0391-ridotto-1024x692.jpg 1024w, https:\/\/cattedrale.palermo.it\/santarosalia\/wp-content\/uploads\/2023\/05\/04-festino-1998-File0391-ridotto-300x203.jpg 300w, https:\/\/cattedrale.palermo.it\/santarosalia\/wp-content\/uploads\/2023\/05\/04-festino-1998-File0391-ridotto-768x519.jpg 768w, https:\/\/cattedrale.palermo.it\/santarosalia\/wp-content\/uploads\/2023\/05\/04-festino-1998-File0391-ridotto-1536x1038.jpg 1536w, https:\/\/cattedrale.palermo.it\/santarosalia\/wp-content\/uploads\/2023\/05\/04-festino-1998-File0391-ridotto-2048x1384.jpg 2048w\" sizes=\"auto, (max-width: 1024px) 100vw, 1024px\" \/><\/p>\n<\/div>\n<\/div><\/div><\/div><\/div><\/div><div id=\"pg-235-4\"  class=\"panel-grid panel-has-style\" ><div class=\"panel-row-style panel-row-style-for-235-4\" ><div id=\"pgc-235-4-0\"  class=\"panel-grid-cell\" ><div id=\"panel-235-4-0-0\" class=\"so-panel widget widget_sow-editor panel-first-child panel-last-child\" data-index=\"5\" ><div\n\t\t\t\n\t\t\tclass=\"so-widget-sow-editor so-widget-sow-editor-base\"\n\t\t\t\n\t\t>\n<div class=\"siteorigin-widget-tinymce textwidget\">\n\t<h4>I luoghi del culto e della devozione<\/h4>\n<p>In quasi tutte le chiese di Palermo, in moltissime nel territorio dell'Arcidiocesi e del mondo si onora e si prega S. Rosalia ne diamo notizia nella pagina dedicata alla sua diffusione. In Citt\u00e0, soprattutto nel Centro Storico non contrada che nel suo dedalo di strade, vicoli o \"slarghi\" che non abbia pi\u00f9 di una edicola votiva dedicata a S. Rosalia. Intorno ad alcune di queste i suoi abitanti quasi celebravano un Festino a dimensione di contrada.<\/p>\n<p>Due luoghi sono rimasti segno di questa antica devozione: il piano del Monte di Piet\u00e0 ed il Vicolo Brugn\u00f2. L'edicola votiva del Monte di piet\u00e0 \u00e8 la prima dedicata alla Santa, nel 1624 anno in cui sono state rinvenute le sue reliquie sul Monte Pellegrino, nelle immediate vicinanze della ubicazione della casa del cacciatore cui S. Rosalia apparse in sogno per sollecitare il portare in processione le sue reliquie perch\u00e9 Palermo fosse salvata dalla peste. Scena questa che nei giorni del festino spesso viene riprodotta con un grande plastico oltre che addobbare sfarzosamente l'edicola votiva. Il vicolo Brugn\u00f2, uno stretto squarcio lungo il Cassaro Alto, di fronte la Cattedrale, \u00e8 spazio e tempo del vissuto di una comunit\u00e0 totalmente devota a Santa Rosalia da dedicarli una altare nella propria casa e da trasformare il vicolo come meta di pellegrinaggio alla Santa nei giorni del Festino.<\/p>\n<\/div>\n<\/div><\/div><\/div><\/div><\/div><div id=\"pg-235-5\"  class=\"panel-grid panel-has-style\" ><div class=\"panel-row-style panel-row-style-for-235-5\" ><div id=\"pgc-235-5-0\"  class=\"panel-grid-cell\" ><div id=\"panel-235-5-0-0\" class=\"so-panel widget widget_sow-editor panel-first-child panel-last-child\" data-index=\"6\" ><div\n\t\t\t\n\t\t\tclass=\"so-widget-sow-editor so-widget-sow-editor-base\"\n\t\t\t\n\t\t>\n<div class=\"siteorigin-widget-tinymce textwidget\">\n\t<p style=\"text-align: center;\"><img loading=\"lazy\" decoding=\"async\" class=\"aligncenter size-full wp-image-242\" src=\"http:\/\/cattedrale.palermo.it\/santarosalia\/wp-content\/uploads\/2019\/04\/rosaliamontepieta.jpg\" alt=\"\" width=\"450\" height=\"253\" \/><\/p>\n<\/div>\n<\/div><\/div><\/div><div id=\"pgc-235-5-1\"  class=\"panel-grid-cell\" ><div id=\"panel-235-5-1-0\" class=\"so-panel widget widget_sow-editor panel-first-child panel-last-child\" data-index=\"7\" ><div\n\t\t\t\n\t\t\tclass=\"so-widget-sow-editor so-widget-sow-editor-base\"\n\t\t\t\n\t\t>\n<div class=\"siteorigin-widget-tinymce textwidget\">\n\t<p style=\"text-align: center;\"><img loading=\"lazy\" decoding=\"async\" class=\"aligncenter size-full wp-image-242\" src=\"http:\/\/cattedrale.palermo.it\/santarosalia\/wp-content\/uploads\/2019\/04\/rosaliabrugno.jpg\" alt=\"\" width=\"450\" height=\"253\" \/><\/p>\n<\/div>\n<\/div><\/div><\/div><\/div><\/div><div id=\"pg-235-6\"  class=\"panel-grid panel-has-style\" ><div class=\"panel-row-style panel-row-style-for-235-6\" ><div id=\"pgc-235-6-0\"  class=\"panel-grid-cell\" ><div id=\"panel-235-6-0-0\" class=\"so-panel widget widget_sow-editor panel-first-child panel-last-child\" data-index=\"8\" ><div\n\t\t\t\n\t\t\tclass=\"so-widget-sow-editor so-widget-sow-editor-base\"\n\t\t\t\n\t\t>\n<div class=\"siteorigin-widget-tinymce textwidget\">\n\t<h4>Il men\u00f9 di Santa Rusulia!<\/h4>\n<p>La devozione a Santa Rosalia viene celebrata anche a tavola con pietanze e dolci che definiscono quello che a ragione si pu\u00f2 chiamare il \"men\u00f9 di S. Rosalia\" e che oggi diversi ristoratori propongono nelle giornate del festino. Vi indichiamo di seguito un men\u00f9 tipico di prelibatezze della tradizione della cucina palermitana<\/p>\n<ul>\n<li>Feddi a parmiciana (parmigiana di melenzane)<\/li>\n<li>\"Babbaluci agghiu e pitrusinu\" e \"ballauci cu sucu\" ( lumache bollite condite con aglio, prezzemolo e tanto pepe, o con il sugo di pomodoro)<\/li>\n<li>Muluni russu (anguria rossa)<\/li>\n<li>Miennuli (mandorle fresche)<\/li>\n<li>pesca e vino (fette di pesca macerate nel vino)<\/li>\n<li>Scursunera (granita di gelsomino)<\/li>\n<li>gelato i campagna (torrone di zucchero, mandorle, pistacchie frutta candita)<\/li>\n<li>calia e simenza (ceci e semi di zucca secchi)<\/li>\n<\/ul>\n<\/div>\n<\/div><\/div><\/div><\/div><\/div><div id=\"pg-235-7\"  class=\"panel-grid panel-has-style\" ><div class=\"panel-row-style panel-row-style-for-235-7\" ><div id=\"pgc-235-7-0\"  class=\"panel-grid-cell\" ><div id=\"panel-235-7-0-0\" class=\"so-panel widget widget_sow-editor panel-first-child panel-last-child\" data-index=\"9\" ><div\n\t\t\t\n\t\t\tclass=\"so-widget-sow-editor so-widget-sow-editor-base\"\n\t\t\t\n\t\t>\n<div class=\"siteorigin-widget-tinymce textwidget\">\n\t<p><img loading=\"lazy\" decoding=\"async\" class=\"aligncenter size-full wp-image-259\" src=\"http:\/\/cattedrale.palermo.it\/santarosalia\/wp-content\/uploads\/2019\/04\/2017rosaliatourdevozionalebabbaluci.jpg\" alt=\"\" width=\"300\" height=\"225\" \/><\/p>\n<\/div>\n<\/div><\/div><\/div><div id=\"pgc-235-7-1\"  class=\"panel-grid-cell\" ><div id=\"panel-235-7-1-0\" class=\"so-panel widget widget_sow-editor panel-first-child panel-last-child\" data-index=\"10\" ><div\n\t\t\t\n\t\t\tclass=\"so-widget-sow-editor so-widget-sow-editor-base\"\n\t\t\t\n\t\t>\n<div class=\"siteorigin-widget-tinymce textwidget\">\n\t<p><img loading=\"lazy\" decoding=\"async\" src=\"http:\/\/cattedrale.palermo.it\/santarosalia\/wp-content\/uploads\/2019\/04\/2017rosaliatourdevozionalecaliaesimienza.jpg\" alt=\"\" width=\"300\" height=\"225\" class=\"aligncenter size-full wp-image-258\" \/><\/p>\n<\/div>\n<\/div><\/div><\/div><div id=\"pgc-235-7-2\"  class=\"panel-grid-cell\" ><div id=\"panel-235-7-2-0\" class=\"so-panel widget widget_sow-editor panel-first-child panel-last-child\" data-index=\"11\" ><div\n\t\t\t\n\t\t\tclass=\"so-widget-sow-editor so-widget-sow-editor-base\"\n\t\t\t\n\t\t>\n<div class=\"siteorigin-widget-tinymce textwidget\">\n\t<p><img loading=\"lazy\" decoding=\"async\" src=\"http:\/\/cattedrale.palermo.it\/santarosalia\/wp-content\/uploads\/2019\/04\/2017rosaliatourdevozionaleanguria.jpg\" alt=\"\" width=\"300\" height=\"225\" class=\"aligncenter size-full wp-image-261\" \/><\/p>\n<\/div>\n<\/div><\/div><\/div><\/div><\/div><div id=\"pg-235-8\"  class=\"panel-grid panel-has-style\" ><div class=\"panel-row-style panel-row-style-for-235-8\" ><div id=\"pgc-235-8-0\"  class=\"panel-grid-cell\" ><div id=\"panel-235-8-0-0\" class=\"so-panel widget widget_sow-editor panel-first-child panel-last-child\" data-index=\"12\" ><div\n\t\t\t\n\t\t\tclass=\"so-widget-sow-editor so-widget-sow-editor-base\"\n\t\t\t\n\t\t>\n<div class=\"siteorigin-widget-tinymce textwidget\">\n\t<hr \/>\n<h5 style=\"text-align: left;\"><strong>Ca nni scanza di morti ria! - Viva Santa Rusulia!<\/strong><\/h5>\n<hr \/>\n<p>Santa Rosalia \u00e8 il baluardo di speranza a cui i palermitani si rivolgono nei momenti di difficolt\u00e0 della vita, invocata perch\u00e9 li liberi dalle tante pesti che ancor oggi affliggono la citt\u00e0, tra queste la mancanza endemica di lavoro e soprattutto il cancro della mafia.<\/p>\n<p align=\"center\">O gran santa Rusulia<br \/>\nPreja a Cristu e a Maria,<br \/>\nPi natri piccatuti;<br \/>\nMisericordia Signuri;<br \/>\nPi li me peccati, Misericordia e pietati,<br \/>\nPrijati Patreternu<br \/>\nCi nni libira di lu 'nfernu;<br \/>\nPrijati o vostru spusu,<br \/>\nCa Palermu \u00e8 tuttu cunfusu;<br \/>\nP' 'a vostra verginitati<br \/>\nLibbirati sta citati.<br \/>\nViva Santa Rusulia<br \/>\n(preghiera dalla tradizione popolare cantata)<\/p>\n<p>&nbsp;<\/p>\n<p>&nbsp;<\/p>\n<\/div>\n<\/div><\/div><\/div><\/div><\/div><div id=\"pg-235-9\"  class=\"panel-grid panel-has-style\" ><div class=\"panel-row-style panel-row-style-for-235-9\" ><div id=\"pgc-235-9-0\"  class=\"panel-grid-cell\" ><div id=\"panel-235-9-0-0\" class=\"so-panel widget widget_sow-editor panel-first-child panel-last-child\" data-index=\"13\" ><div\n\t\t\t\n\t\t\tclass=\"so-widget-sow-editor so-widget-sow-editor-base\"\n\t\t\t\n\t\t>\n<div class=\"siteorigin-widget-tinymce textwidget\">\n\t<p style=\"text-align: center;\"><img loading=\"lazy\" decoding=\"async\" class=\"aligncenter size-full wp-image-242\" src=\"http:\/\/cattedrale.palermo.it\/santarosalia\/wp-content\/uploads\/2019\/04\/2017rosaliasantino2.jpg\" alt=\"\" width=\"310\" height=\"163\" srcset=\"https:\/\/cattedrale.palermo.it\/santarosalia\/wp-content\/uploads\/2019\/04\/2017rosaliasantino2.jpg 310w, https:\/\/cattedrale.palermo.it\/santarosalia\/wp-content\/uploads\/2019\/04\/2017rosaliasantino2-300x158.jpg 300w\" sizes=\"auto, (max-width: 310px) 100vw, 310px\" \/><\/p>\n<\/div>\n<\/div><\/div><\/div><div id=\"pgc-235-9-1\"  class=\"panel-grid-cell\" ><div id=\"panel-235-9-1-0\" class=\"so-panel widget widget_sow-editor panel-first-child panel-last-child\" data-index=\"14\" ><div\n\t\t\t\n\t\t\tclass=\"so-widget-sow-editor so-widget-sow-editor-base\"\n\t\t\t\n\t\t>\n<div class=\"siteorigin-widget-tinymce textwidget\">\n\t<p style=\"text-align: center;\"><img loading=\"lazy\" decoding=\"async\" class=\"aligncenter size-full wp-image-242\" src=\"http:\/\/cattedrale.palermo.it\/santarosalia\/wp-content\/uploads\/2019\/04\/2017rosaliasantino.jpg\" alt=\"\" width=\"165\" height=\"288\" \/><\/p>\n<\/div>\n<\/div><\/div><\/div><div id=\"pgc-235-9-2\"  class=\"panel-grid-cell\" ><div class=\"panel-cell-style panel-cell-style-for-235-9-2\" ><div id=\"panel-235-9-2-0\" class=\"so-panel widget widget_sow-editor panel-first-child panel-last-child\" data-index=\"15\" ><div\n\t\t\t\n\t\t\tclass=\"so-widget-sow-editor so-widget-sow-editor-base\"\n\t\t\t\n\t\t>\n<div class=\"siteorigin-widget-tinymce textwidget\">\n\t<p><img loading=\"lazy\" decoding=\"async\" class=\"aligncenter size-full wp-image-244\" src=\"http:\/\/cattedrale.palermo.it\/santarosalia\/wp-content\/uploads\/2019\/04\/rosaliavetro.jpg\" alt=\"\" width=\"310\" height=\"163\" srcset=\"https:\/\/cattedrale.palermo.it\/santarosalia\/wp-content\/uploads\/2019\/04\/rosaliavetro.jpg 310w, https:\/\/cattedrale.palermo.it\/santarosalia\/wp-content\/uploads\/2019\/04\/rosaliavetro-300x158.jpg 300w\" sizes=\"auto, (max-width: 310px) 100vw, 310px\" \/><\/p>\n<\/div>\n<\/div><\/div><\/div><\/div><\/div><\/div><div id=\"pg-235-10\"  class=\"panel-grid panel-has-style\" ><div class=\"panel-row-style panel-row-style-for-235-10\" ><div id=\"pgc-235-10-0\"  class=\"panel-grid-cell\" ><div id=\"panel-235-10-0-0\" class=\"so-panel widget widget_sow-editor panel-first-child panel-last-child\" data-index=\"16\" ><div\n\t\t\t\n\t\t\tclass=\"so-widget-sow-editor so-widget-sow-editor-base\"\n\t\t\t\n\t\t>\n<div class=\"siteorigin-widget-tinymce textwidget\">\n\t<h4 style=\"text-align: center;\"><em><span style=\"color: #666699;\"><strong>A ogni passu ed ogni via!- Viva Santa Rusulia!<\/strong><\/span><\/em><\/h4>\n<h4 style=\"text-align: center;\"><span style=\"color: #666699;\"><em><strong>\"E chi semu muti? Viva, viva Santa Rusulia\".<\/strong><\/em><\/span><\/h4>\n<\/div>\n<\/div><\/div><\/div><\/div><\/div><div id=\"pg-235-11\"  class=\"panel-grid panel-has-style\" ><div class=\"panel-row-style panel-row-style-for-235-11\" ><div id=\"pgc-235-11-0\"  class=\"panel-grid-cell\" ><div id=\"panel-235-11-0-0\" class=\"so-panel widget widget_sow-editor panel-first-child panel-last-child\" data-index=\"17\" ><div class=\"panel-widget-style panel-widget-style-for-235-11-0-0\" ><div\n\t\t\t\n\t\t\tclass=\"so-widget-sow-editor so-widget-sow-editor-base\"\n\t\t\t\n\t\t>\n<div class=\"siteorigin-widget-tinymce textwidget\">\n\t<\/div>\n<\/div><\/div><\/div><\/div><\/div><\/div><\/div>","protected":false},"excerpt":{"rendered":"<p>Viva Palermo e S. Rosalia! &#8220;Viva Palermo e S. Rusulia&#8221;, gridato a squarciagola, \u00e8 l&#8217;invocazione di giubilo che sintetizza nei palermitani il legame forte tra la Citt\u00e0 e la &#8220;Santuzza&#8221;, il vezzeggiativo con cui essi si rivolgono alla loro Santa Patrona. Nel discorso rivolto alla citt\u00e0 a Piazza Marina, durante la Processione delle Reliquie della [&hellip;]<\/p>\n","protected":false},"author":1,"featured_media":0,"parent":0,"menu_order":0,"comment_status":"closed","ping_status":"closed","template":"","meta":{"vkexunit_cta_each_option":"","footnotes":""},"class_list":["post-235","page","type-page","status-publish","hentry"],"_links":{"self":[{"href":"https:\/\/cattedrale.palermo.it\/santarosalia\/wp-json\/wp\/v2\/pages\/235","targetHints":{"allow":["GET"]}}],"collection":[{"href":"https:\/\/cattedrale.palermo.it\/santarosalia\/wp-json\/wp\/v2\/pages"}],"about":[{"href":"https:\/\/cattedrale.palermo.it\/santarosalia\/wp-json\/wp\/v2\/types\/page"}],"author":[{"embeddable":true,"href":"https:\/\/cattedrale.palermo.it\/santarosalia\/wp-json\/wp\/v2\/users\/1"}],"replies":[{"embeddable":true,"href":"https:\/\/cattedrale.palermo.it\/santarosalia\/wp-json\/wp\/v2\/comments?post=235"}],"version-history":[{"count":52,"href":"https:\/\/cattedrale.palermo.it\/santarosalia\/wp-json\/wp\/v2\/pages\/235\/revisions"}],"predecessor-version":[{"id":11184,"href":"https:\/\/cattedrale.palermo.it\/santarosalia\/wp-json\/wp\/v2\/pages\/235\/revisions\/11184"}],"wp:attachment":[{"href":"https:\/\/cattedrale.palermo.it\/santarosalia\/wp-json\/wp\/v2\/media?parent=235"}],"curies":[{"name":"wp","href":"https:\/\/api.w.org\/{rel}","templated":true}]}}