{"id":2749,"date":"2021-07-05T10:47:48","date_gmt":"2021-07-05T08:47:48","guid":{"rendered":"http:\/\/cattedrale.palermo.it\/santarosalia\/?page_id=2749"},"modified":"2025-07-02T16:35:45","modified_gmt":"2025-07-02T14:35:45","slug":"397-festino-laudato-si-revolution","status":"publish","type":"page","link":"https:\/\/cattedrale.palermo.it\/santarosalia\/397-festino-laudato-si-revolution\/","title":{"rendered":"397\u00b0 Festino &#8211; Laudato Si Revolution"},"content":{"rendered":"<div id=\"pl-2749\"  class=\"panel-layout\" ><div id=\"pg-2749-0\"  class=\"panel-grid panel-has-style\" ><div class=\"panel-row-style panel-row-style-for-2749-0\" ><div id=\"pgc-2749-0-0\"  class=\"panel-grid-cell\" ><div id=\"panel-2749-0-0-0\" class=\"so-panel widget widget_sow-editor panel-first-child panel-last-child\" data-index=\"0\" ><div\n\t\t\t\n\t\t\tclass=\"so-widget-sow-editor so-widget-sow-editor-base\"\n\t\t\t\n\t\t>\n<div class=\"siteorigin-widget-tinymce textwidget\">\n\t<p style=\"text-align: center;\"><img loading=\"lazy\" decoding=\"async\" class=\"wp-image-2847\" src=\"http:\/\/cattedrale.palermo.it\/santarosalia\/wp-content\/uploads\/2021\/07\/locandina-laudato-si-revolution-1-def.jpg\" alt=\"\" width=\"1200\" height=\"604\" srcset=\"https:\/\/cattedrale.palermo.it\/santarosalia\/wp-content\/uploads\/2021\/07\/locandina-laudato-si-revolution-1-def.jpg 1920w, https:\/\/cattedrale.palermo.it\/santarosalia\/wp-content\/uploads\/2021\/07\/locandina-laudato-si-revolution-1-def-300x151.jpg 300w, https:\/\/cattedrale.palermo.it\/santarosalia\/wp-content\/uploads\/2021\/07\/locandina-laudato-si-revolution-1-def-1024x515.jpg 1024w, https:\/\/cattedrale.palermo.it\/santarosalia\/wp-content\/uploads\/2021\/07\/locandina-laudato-si-revolution-1-def-768x386.jpg 768w, https:\/\/cattedrale.palermo.it\/santarosalia\/wp-content\/uploads\/2021\/07\/locandina-laudato-si-revolution-1-def-1536x773.jpg 1536w\" sizes=\"auto, (max-width: 1200px) 100vw, 1200px\" \/><\/p>\n<p><strong>La colonna sonora della tappa:<\/strong><\/p>\n<ul>\n<li><a href=\"https:\/\/www.youtube.com\/watch?v=r0z-taUTbi8\" target=\"_blank\" rel=\"noopener\">Il Cantico delle Creature di San Francesco &gt;&gt;<\/a><\/li>\n<li><a href=\"https:\/\/www.youtube.com\/watch?v=BKo1N7aTIJQ\" target=\"_blank\" rel=\"noopener\">Dolce sentire &gt;&gt;<\/a><\/li>\n<li><a href=\"https:\/\/youtu.be\/aYdepwbwbeY\" target=\"_blank\" rel=\"noopener\">Il cantico dei cantici di Angelo Branduardi &gt;&gt;<\/a><\/li>\n<li><a href=\"https:\/\/www.youtube.com\/watch?v=oag1Dfa1e_E\" target=\"_blank\" rel=\"noopener\">Mission di Ennio Morricone &gt;&gt;<\/a><\/li>\n<li><a href=\"https:\/\/youtu.be\/q6N-idb1Elc\" target=\"_blank\" rel=\"noopener\">Sinfonia la \"Pastorale\" di Ludwig van Beethoven diretta da Claudio Abbado &gt;&gt;<\/a><\/li>\n<\/ul>\n<p>Rosalia non ha vissuto in fuga, non ha vissuto \"contro\" ma \"per\". Anche il vivere a contatto stretto con la natura non \u00e8 stata una mortificazione ed una penitenza autoinflitte ma una scelta di vita attiva e piena, una scelta di amore, di rispetto per quella che \u00e8 una manifestazione della potenza creatrice di Dio e del suo grande amore per gli uomini. Mettersi sui passi di Rosalia include lo stare accanto alla nostra madre Terra, amarla, viverla senza offenderla e depauperarla, aver presente che \u00e8 un bene prezioso condiviso e da condividere non solo con chi nel presente ci \u00e8 prossimo ma anche e soprattutto con chi la abiter\u00e0 dopo di noi.<\/p>\n<p>Proponiamo qui la lettura e la riflessione sulle parole pronunciate da Don Corrado Lorefice, Arcivescovo di Palermo nel discorso alla Citt\u00e0 in occasione del 396\u00b0 Festino:<\/p>\n<p><em> Tu hai vissuto in quella grotta, tu, patrona di Palermo, sul monte Pellegrino. Hai vissuto in mezzo alla natura e nei pressi di un convento. Ed \u00e8 come se stasera tu ci dessi cos\u00ec un\u2019altra dritta, ci richiamassi ad una responsabilit\u00e0 fondamentale, ci mostrassi un\u2019altra delle lezioni che dobbiamo apprendere dai giorni del coronavirus. Perch\u00e9 nella tua vita povera tu sei stata al contempo vicina a Dio e hai dimorato accanto alla nostra madre Terra. Quasi a riportarci alla lezione del pi\u00f9 savio dei folli, del pi\u00f9 umano dei santi, con il quale certamente ora tu ti intrattieni nella gloria di Dio penso \u2012 lo sai bene \u2012 a Francesco di Assisi. Lui povero, lui amante della povert\u00e0, lui che cap\u00ec per primo e per sempre che la Terra non \u00e8 un territorio da sfruttare ma \u00e8 la madre e sorella che \u00abne sustenta e governa\u00bb (FF 263). Rosalia, gridalo con noi stasera! Grida con noi davanti allo scetticismo dei benpensanti e al criminale menefreghismo della finanza mondiale, degli adoratori del capitale, dei grandi di questo 5 mondo. Grida che la nostra madre, la nostra sorella \u00e8 ferita, \u00e8 morente. Grida che \u00e8 lei \u2013 come ci ha ricordato un Papa che non per caso si chiama Francesco \u2013 che \u00e8 lei la povera tra i poveri, il segno e la realt\u00e0 di una povert\u00e0 planetaria che pu\u00f2 travolgerci, che pu\u00f2 annientare anzitutto i piccoli e i deboli, che pu\u00f2 rovinare il futuro dei nostri figli, dei nostri nipoti. Le loro proteste, la loro consapevolezza, sono un segno dei tempi, posto tra l\u2019altro in principio da tante e tanti giovani come te. Il nostro stile di vita \u00e8 incompatibile con la sopravvivenza della Terra. E il Covid-19 ha dimostrato che siamo ormai al paradosso per cui se noi non ci siamo la Terra sta meglio e se noi la calpestiamo la Terra muore. E noi con lei. Rosalia, insegnaci tu stasera ad abbracciare la Terra, a porre segni e a fare gesti di cambiamento radicale contro le potenze di sfruttamento e di morte<\/em>.<\/p>\n<p><strong>Approfondimenti:<\/strong><\/p>\n<ul>\n<li><a href=\"https:\/\/www.vatican.va\/content\/francesco\/it\/encyclicals\/documents\/papa-francesco_20150524_enciclica-laudato-si.html\" target=\"_blank\" rel=\"noopener\">Il testo della Enciclica \"Laudato SI\" &gt;&gt;<\/a><\/li>\n<li class=\"article__title\"><a href=\"https:\/\/www.vaticannews.va\/it\/vaticano\/news\/2020-06\/documento-interdicasteriale-su-ecologia-integrale.html\" target=\"_blank\" rel=\"noopener\">Vaticano, ecologia integrale: la salvaguardia del Creato \u00e8 responsabilit\u00e0 di tutti &gt;&gt;<\/a><\/li>\n<li><a href=\"https:\/\/www.laudatosirevolution.org\/\" target=\"_blank\" rel=\"noopener\">Sito web \"Laudato Si Revolution\" &gt;&gt;<\/a><\/li>\n<li><a href=\"https:\/\/catholicclimatemovement.global\/it\/\" target=\"_blank\" rel=\"noopener\">Sito web \"Movimento Mondiale per il clima\" &gt;&gt;<\/a><\/li>\n<\/ul>\n<p><strong>contributi video:<\/strong><\/p>\n<ul>\n<li><a href=\"https:\/\/www.youtube.com\/watch?v=S_w0fL8u9n8\" target=\"_blank\" rel=\"noopener\">Tv 2000 - Papa Francesco: Tutto \u00e8 certezza di Dio &gt;&gt;<\/a><\/li>\n<li><a href=\"https:\/\/www.youtube.com\/watch?v=LvaDxAkXo-M\" target=\"_blank\" rel=\"noopener\">Chiesa e ambiente\u00a0 - la responsabilit\u00e0 &gt;&gt;<\/a><\/li>\n<li><a href=\"https:\/\/www.youtube.com\/watch?v=_po0f71W_8o\" target=\"_blank\" rel=\"noopener\">Laudato Si' ... con i nostri occhi , non tutto \u00e8 perduto &gt;&gt;<\/a><\/li>\n<\/ul>\n<p>suggeriamo inoltre di visitare la sezione dedicata alla Cura del creato del sito web\u00a0<a href=\"http:\/\/turismo.arcidiocesi.palermo.it\/custodia-del-creato\/\" target=\"_blank\" rel=\"noopener\"> \"turismo.arcidiocesi.palermo.it\" &gt;&gt;<\/a><\/p>\n<p style=\"text-align: center;\"><a href=\"http:\/\/turismo.arcidiocesi.palermo.it\/custodia-del-creato\/\" target=\"_blank\" rel=\"noopener\"><img loading=\"lazy\" decoding=\"async\" class=\"wp-image-2755 size-full\" src=\"http:\/\/cattedrale.palermo.it\/santarosalia\/wp-content\/uploads\/2021\/07\/banner-custodia-creato2.jpg\" alt=\"\" width=\"1200\" height=\"362\" srcset=\"https:\/\/cattedrale.palermo.it\/santarosalia\/wp-content\/uploads\/2021\/07\/banner-custodia-creato2.jpg 1200w, https:\/\/cattedrale.palermo.it\/santarosalia\/wp-content\/uploads\/2021\/07\/banner-custodia-creato2-300x91.jpg 300w, https:\/\/cattedrale.palermo.it\/santarosalia\/wp-content\/uploads\/2021\/07\/banner-custodia-creato2-1024x309.jpg 1024w, https:\/\/cattedrale.palermo.it\/santarosalia\/wp-content\/uploads\/2021\/07\/banner-custodia-creato2-768x232.jpg 768w\" sizes=\"auto, (max-width: 1200px) 100vw, 1200px\" \/><\/a><\/p>\n<p>&nbsp;<\/p>\n<\/div>\n<\/div><\/div><\/div><\/div><\/div><\/div>","protected":false},"excerpt":{"rendered":"<p>La colonna sonora della tappa: Il Cantico delle Creature di San Francesco &gt;&gt; Dolce sentire &gt;&gt; Il cantico dei cantici di Angelo Branduardi &gt;&gt; Mission di Ennio Morricone &gt;&gt; Sinfonia la &#8220;Pastorale&#8221; di Ludwig van Beethoven diretta da Claudio Abbado &gt;&gt; Rosalia non ha vissuto in fuga, non ha vissuto &#8220;contro&#8221; ma &#8220;per&#8221;. Anche il [&hellip;]<\/p>\n","protected":false},"author":1,"featured_media":0,"parent":0,"menu_order":0,"comment_status":"closed","ping_status":"closed","template":"","meta":{"vkexunit_cta_each_option":"","footnotes":""},"class_list":["post-2749","page","type-page","status-publish","hentry"],"_links":{"self":[{"href":"https:\/\/cattedrale.palermo.it\/santarosalia\/wp-json\/wp\/v2\/pages\/2749","targetHints":{"allow":["GET"]}}],"collection":[{"href":"https:\/\/cattedrale.palermo.it\/santarosalia\/wp-json\/wp\/v2\/pages"}],"about":[{"href":"https:\/\/cattedrale.palermo.it\/santarosalia\/wp-json\/wp\/v2\/types\/page"}],"author":[{"embeddable":true,"href":"https:\/\/cattedrale.palermo.it\/santarosalia\/wp-json\/wp\/v2\/users\/1"}],"replies":[{"embeddable":true,"href":"https:\/\/cattedrale.palermo.it\/santarosalia\/wp-json\/wp\/v2\/comments?post=2749"}],"version-history":[{"count":12,"href":"https:\/\/cattedrale.palermo.it\/santarosalia\/wp-json\/wp\/v2\/pages\/2749\/revisions"}],"predecessor-version":[{"id":13645,"href":"https:\/\/cattedrale.palermo.it\/santarosalia\/wp-json\/wp\/v2\/pages\/2749\/revisions\/13645"}],"wp:attachment":[{"href":"https:\/\/cattedrale.palermo.it\/santarosalia\/wp-json\/wp\/v2\/media?parent=2749"}],"curies":[{"name":"wp","href":"https:\/\/api.w.org\/{rel}","templated":true}]}}