{"id":9096,"date":"2023-06-19T20:48:40","date_gmt":"2023-06-19T18:48:40","guid":{"rendered":"https:\/\/cattedrale.palermo.it\/santarosalia\/?page_id=9096"},"modified":"2023-06-19T20:49:34","modified_gmt":"2023-06-19T18:49:34","slug":"399-festino-di-s-rosalia-lidea-progettuale","status":"publish","type":"page","link":"https:\/\/cattedrale.palermo.it\/santarosalia\/399-festino-di-s-rosalia-lidea-progettuale\/","title":{"rendered":"399\u00b0 Festino di S. Rosalia, l&#8217;idea progettuale"},"content":{"rendered":"<div id=\"pl-9096\"  class=\"panel-layout\" ><div id=\"pg-9096-0\"  class=\"panel-grid panel-has-style\" ><div class=\"panel-row-style panel-row-style-for-9096-0\" ><div id=\"pgc-9096-0-0\"  class=\"panel-grid-cell\" ><div id=\"panel-9096-0-0-0\" class=\"so-panel widget widget_sow-editor panel-first-child panel-last-child\" data-index=\"0\" ><div\n\t\t\t\n\t\t\tclass=\"so-widget-sow-editor so-widget-sow-editor-base\"\n\t\t\t\n\t\t>\n<div class=\"siteorigin-widget-tinymce textwidget\">\n\t<p style=\"text-align: center;\"><img loading=\"lazy\" decoding=\"async\" class=\"wp-image-9092\" src=\"https:\/\/cattedrale.palermo.it\/santarosalia\/wp-content\/uploads\/2023\/06\/banner-festino-2023.jpg\" alt=\"\" width=\"1200\" height=\"465\" srcset=\"https:\/\/cattedrale.palermo.it\/santarosalia\/wp-content\/uploads\/2023\/06\/banner-festino-2023.jpg 1200w, https:\/\/cattedrale.palermo.it\/santarosalia\/wp-content\/uploads\/2023\/06\/banner-festino-2023-300x116.jpg 300w, https:\/\/cattedrale.palermo.it\/santarosalia\/wp-content\/uploads\/2023\/06\/banner-festino-2023-1024x397.jpg 1024w, https:\/\/cattedrale.palermo.it\/santarosalia\/wp-content\/uploads\/2023\/06\/banner-festino-2023-768x298.jpg 768w\" sizes=\"auto, (max-width: 1200px) 100vw, 1200px\" \/><\/p>\n<h1 style=\"text-align: center;\"><span style=\"color: #e11d81;\">\"Ci sveglia dalla peste e ci dice che \u00e8 possibile sognare\"<\/span><\/h1>\n<\/div>\n<\/div><\/div><\/div><\/div><\/div><div id=\"pg-9096-1\"  class=\"panel-grid panel-has-style\" ><div class=\"panel-row-style panel-row-style-for-9096-1\" ><div id=\"pgc-9096-1-0\"  class=\"panel-grid-cell\" ><div id=\"panel-9096-1-0-0\" class=\"so-panel widget widget_sow-editor panel-first-child panel-last-child\" data-index=\"1\" ><div\n\t\t\t\n\t\t\tclass=\"so-widget-sow-editor so-widget-sow-editor-base\"\n\t\t\t\n\t\t>\n<div class=\"siteorigin-widget-tinymce textwidget\">\n\t<h4><strong>L'idea progettuale<\/strong><\/h4>\n<p><img loading=\"lazy\" decoding=\"async\" class=\"alignleft wp-image-9071\" src=\"https:\/\/cattedrale.palermo.it\/santarosalia\/wp-content\/uploads\/2023\/06\/bozzetto-carro-2023-819x1024.jpg\" alt=\"\" width=\"500\" height=\"625\" srcset=\"https:\/\/cattedrale.palermo.it\/santarosalia\/wp-content\/uploads\/2023\/06\/bozzetto-carro-2023-819x1024.jpg 819w, https:\/\/cattedrale.palermo.it\/santarosalia\/wp-content\/uploads\/2023\/06\/bozzetto-carro-2023-240x300.jpg 240w, https:\/\/cattedrale.palermo.it\/santarosalia\/wp-content\/uploads\/2023\/06\/bozzetto-carro-2023-768x960.jpg 768w, https:\/\/cattedrale.palermo.it\/santarosalia\/wp-content\/uploads\/2023\/06\/bozzetto-carro-2023.jpg 1131w\" sizes=\"auto, (max-width: 500px) 100vw, 500px\" \/><\/p>\n<p>Nell'agosto 2022, dopo il tragico momento pandemico, tre sognatori della citt\u00e0 di Palermo, si sono trovati a Palazzo Villafranca. Proprio tra le mura del palazzo settecentesco, nel quale \u00e8 custodita una tela di van Dyck, che ci ricorda i tristi eventi e il miracolo del 1624, il professore Fabrizio Lupo e il professore Filippo Sapienza e il dott. Gaspare Simenti hanno cominciato a \"sognare\" il Festino 2023.<br \/>\nCon impegno, passione, dedizione e, perch\u00e9 no, devozione per la Santuzza, l'onirico si \u00e8 trasformato in realt\u00e0.<\/p>\n<p><span style=\"color: #808080;\"><strong>La sintesi del progetto<\/strong><\/span><\/p>\n<p>Nell\u2019 ottobre 1623, a Palermo, Girolama La Gattuta, originaria di Ciminna, si trovava malata e in fin di vita nell\u2019Ospedale Grande. Si rivolse a quella che lei credeva una suora infermiera per chiedere di bagnarle un po\u2019 le labbra, tanto era arsa dalla sete. Appena la giovane monaca si avvicin\u00f2 le disse: \u201cNon dubitare che sei sana, fai voto di andare a Montepellegrino\u201d. Girolama cap\u00ec che era santa Rosalia. Il terzo giorno fu completamente guarita.<br \/>\n\u00c8 l\u2019antefatto del fatto in s\u00e9. Il festino di santa Rosalia ha una sorta di preambolo che inizia ancor prima del proliferarsi della peste. La sua genesi \u00e8 nel sogno. Il sogno di una donna. Nella concezione biblica, il sogno ha tutte le caratteristiche della rivelazione divina, premonitore sempre di fatti ed eventi straordinari. L\u2019intera tradizione biblica \u00e8 costellata da sogni.<br \/>\nIl 399\u00b0 festino di santa Rosalia \u00e8 gi\u00e0 l\u2019anniversario profetico del quarto centenario.<br \/>\nI fatti che vedranno Rosalia diventare patrona della citt\u00e0 iniziarono attraverso i sogni, passando per i sogni, diventando sogni concreti: la liberazione della citt\u00e0. Questa storia ha due grandi protagonisti che non sono grandi nomi del Vicer\u00e9 o del Cardinale, ma una popolana, Geronima - promotrice dello scavo - e di un saponaro, Vincenzo Bonelli, colui che toglier\u00e0 ogni dubbio sull\u2019autenticit\u00e0 delle ossa. Entrambi guidati da sogni e visioni, entrambi portatori di un evangelo, cio\u00e8 di una buona notizia: il cielo non si \u00e8 dimenticato di noi. L\u2019azione divina che intercetta quella umana \u00e8 la prova tangibile che nessuno di salva da solo. Il Festino, ogni anno, ce lo ricorda.<br \/>\nIl 399\u00b0 Festino ci sveglia dalla peste e ci dice che sognare \u00e8 possibile. Sono trascorsi 400 anni e possiamo dire e affermare che credere ai sogni \u00e8 possibile.<br \/>\nLa Festa di Rosalia \u00e8 un sogno iniziato secoli fa e che continua a farci sognare, adattandosi di anno in anno, incarnando le vicissitudini della citt\u00e0, diventando il luogo di un sogno collettivo. Rosalia \u00e8 il sogno di Palermo. Palermo canta. Palermo spera. Palermo desidera. L\u2019edizione 400 (\u2013 1) non pu\u00f2 che essere un sogno, che ha tutte le caratteristiche dell\u2019attesa. Una straordinaria edizione che \u00e8 una sorta di gestazione prima di poter vivere il compimento di una promessa tanto antica e tanto nuova. Non celebriamo il passato, ma il suo incarnarsi nell\u2019oggi. Nulla \u00e8 passato se lo si rivive e lo si rigenera. Nella logica che quel bene, quella speranza, quella fede che hanno riempito la vita di Rosalia non possono essere incatenati. Passano i secoli e noi siamo ancora qui a parlarne e la sentiamo ancora: quel profumo di una donna che attraversa il tempo nei sogni delle donne e degli uomini, per dare speranza ad ogni tempo e per ogni tempo.<br \/>\nI simboli: Il cielo, la notte, la luna, la vergine, il dragone, gli angeli.<br \/>\nNel linguaggio iconografico, i simboli hanno un forte potenziale comunicativo e riescono a rendere tangibile anche l\u2019astratto. L\u2019idea del festino\/sogno deve trasmettere tutta l\u2019idea dell\u2019incanto, dell\u2019impalpabile e concreto, riuscendo a comunicare tutta l\u2019accondiscendenza celeste verso l\u2019umanit\u00e0. Apparve nel cielo un segno grandioso, una donna vestita di sole (d\u2019oro), con la luna sotto i suoi piedi. Questa scena \u00e8 tratta dal libro dell\u2019apocalisse che la tradizione cristiana ha visto come immagine della Madre di Dio. La donna del testo biblico combatte contro il dragone antico, la ferocia del male contro l\u2019innocenza della vergine, che fugge per vincere nel deserto (che in greco si traduce \u03ad\u03c1\u03b7\u03bc\u03bf\u03c2: eremo)<br \/>\nRosalia \u00e8 la fanciulla capace di venire incontro con la sua delicatezza, capace di lasciare il cielo ed incontrare le donne e gli uomini di ieri e quelli oggi. La vergine fugge per sconfiggere la bestia, corre verso l\u2019eremo, il deserto diventa la sua dimora. \u00c8 il silenzio dell\u2019eremo che vince la peste e nel silenzio dei sogni arriva la redenzione. Per questo, per l\u2019idea progettuale del carro, \u00e8 possibile pensare ad un enorme luna luminosa, pronta a rischiarare la notte del Festino, riuscendo a essere elemento significativo della volta celeste. La luna attraversa la citt\u00e0; fisicamente il cielo tra le donne e gli uomini, con la vergine del monte prossima, vicina al suo popolo (come ha espressamente chiesto Fratel Biagio Conte), per essere contemporaneamente del popolo e per il popolo, tramite tra la terra e il cielo, icona capace di riflettere la Grazia. Nell\u2019edizione 399 vogliamo riportare Rosalia vicina al suo popolo, come fu nel 1623-25, per poi essere glorificata e assunta come nume tutelare della citt\u00e0.<\/p>\n<\/div>\n<\/div><\/div><\/div><\/div><\/div><\/div>","protected":false},"excerpt":{"rendered":"<p>&#8220;Ci sveglia dalla peste e ci dice che \u00e8 possibile sognare&#8221; L&#8217;idea progettuale Nell&#8217;agosto 2022, dopo il tragico momento pandemico, tre sognatori della citt\u00e0 di Palermo, si sono trovati a Palazzo Villafranca. Proprio tra le mura del palazzo settecentesco, nel quale \u00e8 custodita una tela di van Dyck, che ci ricorda i tristi eventi e [&hellip;]<\/p>\n","protected":false},"author":1,"featured_media":0,"parent":0,"menu_order":0,"comment_status":"closed","ping_status":"closed","template":"","meta":{"vkexunit_cta_each_option":"","footnotes":""},"class_list":["post-9096","page","type-page","status-publish","hentry"],"_links":{"self":[{"href":"https:\/\/cattedrale.palermo.it\/santarosalia\/wp-json\/wp\/v2\/pages\/9096","targetHints":{"allow":["GET"]}}],"collection":[{"href":"https:\/\/cattedrale.palermo.it\/santarosalia\/wp-json\/wp\/v2\/pages"}],"about":[{"href":"https:\/\/cattedrale.palermo.it\/santarosalia\/wp-json\/wp\/v2\/types\/page"}],"author":[{"embeddable":true,"href":"https:\/\/cattedrale.palermo.it\/santarosalia\/wp-json\/wp\/v2\/users\/1"}],"replies":[{"embeddable":true,"href":"https:\/\/cattedrale.palermo.it\/santarosalia\/wp-json\/wp\/v2\/comments?post=9096"}],"version-history":[{"count":2,"href":"https:\/\/cattedrale.palermo.it\/santarosalia\/wp-json\/wp\/v2\/pages\/9096\/revisions"}],"predecessor-version":[{"id":9098,"href":"https:\/\/cattedrale.palermo.it\/santarosalia\/wp-json\/wp\/v2\/pages\/9096\/revisions\/9098"}],"wp:attachment":[{"href":"https:\/\/cattedrale.palermo.it\/santarosalia\/wp-json\/wp\/v2\/media?parent=9096"}],"curies":[{"name":"wp","href":"https:\/\/api.w.org\/{rel}","templated":true}]}}